{"id":11148,"date":"2024-06-25T12:02:40","date_gmt":"2024-06-25T10:02:40","guid":{"rendered":"https:\/\/lesbougiesdecarole.com\/?page_id=11148"},"modified":"2026-03-06T14:07:05","modified_gmt":"2026-03-06T13:07:05","slug":"les-parfums","status":"publish","type":"page","link":"https:\/\/lesbougiesdecarole.com\/fr_fr\/les-parfums\/","title":{"rendered":"Les parfums"},"content":{"rendered":"\t\t<div data-elementor-type=\"wp-page\" data-elementor-id=\"11148\" class=\"elementor elementor-11148\" data-elementor-post-type=\"page\">\n\t\t\t\t\t\t<section class=\"elementor-section elementor-top-section elementor-element elementor-element-fecc94f elementor-section-full_width elementor-section-height-min-height elementor-section-height-default elementor-section-items-middle wpr-particle-no wpr-jarallax-no wpr-parallax-no wpr-sticky-section-no qodef-elementor-content-no\" data-id=\"fecc94f\" data-element_type=\"section\" data-e-type=\"section\" data-settings=\"{&quot;background_background&quot;:&quot;slideshow&quot;,&quot;background_slideshow_gallery&quot;:[{&quot;id&quot;:20249,&quot;url&quot;:&quot;https:\\\/\\\/lesbougiesdecarole.com\\\/wp-content\\\/uploads\\\/2024\\\/11\\\/LBDC-matiere-2-scaled.jpg&quot;}],&quot;background_slideshow_loop&quot;:&quot;yes&quot;,&quot;background_slideshow_slide_duration&quot;:5000,&quot;background_slideshow_slide_transition&quot;:&quot;fade&quot;,&quot;background_slideshow_transition_duration&quot;:500}\">\n\t\t\t\t\t\t<div class=\"elementor-container elementor-column-gap-default\">\n\t\t\t\t\t<div class=\"elementor-column elementor-col-100 elementor-top-column elementor-element elementor-element-20438b9\" data-id=\"20438b9\" data-element_type=\"column\" data-e-type=\"column\">\n\t\t\t<div class=\"elementor-widget-wrap\">\n\t\t\t\t\t\t\t<\/div>\n\t\t<\/div>\n\t\t\t\t\t<\/div>\n\t\t<\/section>\n\t\t\t\t<section class=\"elementor-section elementor-top-section elementor-element elementor-element-1ba12a9 elementor-section-boxed elementor-section-height-default elementor-section-height-default wpr-particle-no wpr-jarallax-no wpr-parallax-no wpr-sticky-section-no qodef-elementor-content-no\" data-id=\"1ba12a9\" data-element_type=\"section\" data-e-type=\"section\">\n\t\t\t\t\t\t<div class=\"elementor-container elementor-column-gap-default\">\n\t\t\t\t\t<div class=\"elementor-column elementor-col-100 elementor-top-column elementor-element elementor-element-5a96683\" data-id=\"5a96683\" data-element_type=\"column\" data-e-type=\"column\">\n\t\t\t<div class=\"elementor-widget-wrap elementor-element-populated\">\n\t\t\t\t\t\t<div class=\"elementor-element elementor-element-9af1083 elementor-widget elementor-widget-askka_core_section_title\" data-id=\"9af1083\" data-element_type=\"widget\" data-e-type=\"widget\" data-widget_type=\"askka_core_section_title.default\">\n\t\t\t\t<div class=\"elementor-widget-container\">\n\t\t\t\t\t<div class=\"qodef-shortcode qodef-m  qodef-section-title qodef-alignment--center \"  >\n\t\t<var class=\"qodef-m-background-text\" data-vertical-offset-3840=\"35\" style=\"font-size: 130px;top: 35px\">\n\t\t<span>Les Bougies de Carole<\/span>\n\t<\/var>\n\t\t\t<h2 class=\"qodef-m-title\" >\n\t\t\t\t\tLes parfums\t\t\t<\/h2>\n\t<\/div>\n\t\t\t\t<\/div>\n\t\t\t\t<\/div>\n\t\t\t\t\t<\/div>\n\t\t<\/div>\n\t\t\t\t\t<\/div>\n\t\t<\/section>\n\t\t\t\t<section class=\"elementor-section elementor-top-section elementor-element elementor-element-56f5ca0 elementor-section-boxed elementor-section-height-default elementor-section-height-default wpr-particle-no wpr-jarallax-no wpr-parallax-no wpr-sticky-section-no qodef-elementor-content-no\" data-id=\"56f5ca0\" data-element_type=\"section\" data-e-type=\"section\">\n\t\t\t\t\t\t<div class=\"elementor-container elementor-column-gap-default\">\n\t\t\t\t\t<div class=\"elementor-column elementor-col-100 elementor-top-column elementor-element elementor-element-c46bd33\" data-id=\"c46bd33\" data-element_type=\"column\" data-e-type=\"column\">\n\t\t\t<div class=\"elementor-widget-wrap elementor-element-populated\">\n\t\t\t\t\t\t<div class=\"elementor-element elementor-element-044b94d elementor-widget elementor-widget-text-editor\" data-id=\"044b94d\" data-element_type=\"widget\" data-e-type=\"widget\" data-widget_type=\"text-editor.default\">\n\t\t\t\t<div class=\"elementor-widget-container\">\n\t\t\t\t\t\t\t\t\t<p><span style=\"caret-color: #000000; color: #000000; font-family: -webkit-standard; font-size: medium; text-align: start;\">Les parfums rythment notre quotidien et varient selon les saisons et nos humeurs. Avec Les Bougies de Carole, les senteurs se r\u00e9v\u00e8lent uniquement \u00e0 l\u2019allumage, cr\u00e9ant des ambiances uniques : zen, \u00e9nergisante, reposante&#8230; Toutes mes bougies sont fabriqu\u00e9es \u00e0 partir de cires v\u00e9g\u00e9tales et de parfums de Grasse. D\u00e9couvrez mes 40 fragrances pour trouver celle qui vous correspond et, pour une exp\u00e9rience olfactive!<\/span><\/p>\t\t\t\t\t\t\t\t<\/div>\n\t\t\t\t<\/div>\n\t\t\t\t<div class=\"elementor-element elementor-element-6be0393 elementor-widget elementor-widget-image\" data-id=\"6be0393\" data-element_type=\"widget\" data-e-type=\"widget\" data-widget_type=\"image.default\">\n\t\t\t\t<div class=\"elementor-widget-container\">\n\t\t\t\t\t\t\t\t\t\t\t\t\t\t\t<img fetchpriority=\"high\" decoding=\"async\" width=\"1024\" height=\"1024\" src=\"https:\/\/lesbougiesdecarole.com\/wp-content\/uploads\/2024\/11\/Liste-des-fragrances-1024x1024.jpg\" class=\"attachment-large size-large wp-image-20248\" alt=\"liste des fragrances - lille\" srcset=\"https:\/\/lesbougiesdecarole.com\/wp-content\/uploads\/2024\/11\/Liste-des-fragrances-1024x1024.jpg 1024w, https:\/\/lesbougiesdecarole.com\/wp-content\/uploads\/2024\/11\/Liste-des-fragrances-300x300.jpg 300w, https:\/\/lesbougiesdecarole.com\/wp-content\/uploads\/2024\/11\/Liste-des-fragrances-150x150.jpg 150w, https:\/\/lesbougiesdecarole.com\/wp-content\/uploads\/2024\/11\/Liste-des-fragrances-768x768.jpg 768w, https:\/\/lesbougiesdecarole.com\/wp-content\/uploads\/2024\/11\/Liste-des-fragrances-370x370.jpg 370w, https:\/\/lesbougiesdecarole.com\/wp-content\/uploads\/2024\/11\/Liste-des-fragrances-460x460.jpg 460w, https:\/\/lesbougiesdecarole.com\/wp-content\/uploads\/2024\/11\/Liste-des-fragrances-1536x1536.jpg 1536w, https:\/\/lesbougiesdecarole.com\/wp-content\/uploads\/2024\/11\/Liste-des-fragrances-12x12.jpg 12w, https:\/\/lesbougiesdecarole.com\/wp-content\/uploads\/2024\/11\/Liste-des-fragrances-650x650.jpg 650w, https:\/\/lesbougiesdecarole.com\/wp-content\/uploads\/2024\/11\/Liste-des-fragrances-1300x1300.jpg 1300w, https:\/\/lesbougiesdecarole.com\/wp-content\/uploads\/2024\/11\/Liste-des-fragrances-600x600.jpg 600w, https:\/\/lesbougiesdecarole.com\/wp-content\/uploads\/2024\/11\/Liste-des-fragrances-100x100.jpg 100w, https:\/\/lesbougiesdecarole.com\/wp-content\/uploads\/2024\/11\/Liste-des-fragrances.jpg 2000w\" sizes=\"(max-width: 1024px) 100vw, 1024px\" \/>\t\t\t\t\t\t\t\t\t\t\t\t\t\t\t<\/div>\n\t\t\t\t<\/div>\n\t\t\t\t\t<\/div>\n\t\t<\/div>\n\t\t\t\t\t<\/div>\n\t\t<\/section>\n\t\t\t\t<\/div>\n\t\t","protected":false},"excerpt":{"rendered":"<p>Les Bougies de Carole Les parfums Les parfums rythment notre quotidien et varient selon les saisons et nos humeurs. Avec Les Bougies de Carole, les senteurs se r\u00e9v\u00e8lent uniquement \u00e0 l\u2019allumage, cr\u00e9ant des ambiances uniques : zen, \u00e9nergisante, reposante&#8230; Toutes mes bougies sont fabriqu\u00e9es \u00e0 partir de cires v\u00e9g\u00e9tales et de parfums de Grasse. D\u00e9couvrez mes 40 fragrances pour trouver celle qui vous correspond et, pour une exp\u00e9rience olfactive!<\/p>\n","protected":false},"author":5,"featured_media":0,"parent":0,"menu_order":0,"comment_status":"closed","ping_status":"closed","template":"elementor_header_footer","meta":{"_acf_changed":false,"footnotes":""},"class_list":["post-11148","page","type-page","status-publish","hentry"],"acf":[],"_links":{"self":[{"href":"https:\/\/lesbougiesdecarole.com\/fr_fr\/wp-json\/wp\/v2\/pages\/11148","targetHints":{"allow":["GET"]}}],"collection":[{"href":"https:\/\/lesbougiesdecarole.com\/fr_fr\/wp-json\/wp\/v2\/pages"}],"about":[{"href":"https:\/\/lesbougiesdecarole.com\/fr_fr\/wp-json\/wp\/v2\/types\/page"}],"author":[{"embeddable":true,"href":"https:\/\/lesbougiesdecarole.com\/fr_fr\/wp-json\/wp\/v2\/users\/5"}],"replies":[{"embeddable":true,"href":"https:\/\/lesbougiesdecarole.com\/fr_fr\/wp-json\/wp\/v2\/comments?post=11148"}],"version-history":[{"count":35,"href":"https:\/\/lesbougiesdecarole.com\/fr_fr\/wp-json\/wp\/v2\/pages\/11148\/revisions"}],"predecessor-version":[{"id":20263,"href":"https:\/\/lesbougiesdecarole.com\/fr_fr\/wp-json\/wp\/v2\/pages\/11148\/revisions\/20263"}],"wp:attachment":[{"href":"https:\/\/lesbougiesdecarole.com\/fr_fr\/wp-json\/wp\/v2\/media?parent=11148"}],"curies":[{"name":"wp","href":"https:\/\/api.w.org\/{rel}","templated":true}]}}