{"id":20205,"date":"2024-11-09T22:04:11","date_gmt":"2024-11-09T21:04:11","guid":{"rendered":"https:\/\/lesbougiesdecarole.com\/?page_id=20205"},"modified":"2024-11-10T22:43:12","modified_gmt":"2024-11-10T21:43:12","slug":"commander","status":"publish","type":"page","link":"https:\/\/lesbougiesdecarole.com\/fr_fr\/commander\/","title":{"rendered":"Commander"},"content":{"rendered":"\t\t<div data-elementor-type=\"wp-page\" data-elementor-id=\"20205\" class=\"elementor elementor-20205\" data-elementor-post-type=\"page\">\n\t\t\t\t<div class=\"elementor-element elementor-element-af24add e-con-full e-flex wpr-particle-no wpr-jarallax-no wpr-parallax-no wpr-sticky-section-no e-con e-parent\" data-id=\"af24add\" data-element_type=\"container\" data-e-type=\"container\">\n\t\t\t\t<div class=\"elementor-element elementor-element-4fe81a8 e-checkout-layout-two-column elementor-widget elementor-widget-woocommerce-checkout-page\" data-id=\"4fe81a8\" data-element_type=\"widget\" data-e-type=\"widget\" data-widget_type=\"woocommerce-checkout-page.default\">\n\t\t\t\t<div class=\"elementor-widget-container\">\n\t\t\t\t\t<div class=\"woocommerce\"><\/div>\t\t\t\t<\/div>\n\t\t\t\t<\/div>\n\t\t\t\t<\/div>\n\t\t\t\t<\/div>\n\t\t","protected":false},"excerpt":{"rendered":"<p>D\u00e9tails de facturation Pr\u00e9nom&nbsp;* Nom&nbsp;* Nom de l\u2019entreprise&nbsp;(facultatif) Pays\/r\u00e9gion&nbsp;*S\u00e9lectionner un pays\/r\u00e9gion\u2026AfghanistanAfrique du Sud\u00c5land IslandsAlbanieAlg\u00e9rieAllemagneAmerican SamoaAndorreAngolaAnguillaAntarctiqueAntigua-et-BarbudaArabie SaouditeArgentineArm\u00e9nieArubaAustralieAutricheAzerbaijanBahamasBahrainBangladeshBarbadesBelauBelgiqueBelizeBeninBermudesBhutanBi\u00e9lorussieBolivieBosnie-Herz\u00e9govineBotswanaBr\u00e9silBruneiBulgarieBurkina FasoBurundiCambodgeCamerounCanadaCap VertChiliChineChristmas IslandChypreColombieComoresCongo (Brazzaville)Congo (Kinshasa)Cor\u00e9e du NordCor\u00e9e du SudCosta RicaC\u00f4te-d\u2019IvoireCroatieCubaCura\u00e7aoDanemarkDjiboutiDominique\u00c9gypte\u00c9mirats Arabes Unis\u00c9quateurErythr\u00e9eEspagneEstonieEswatiniEtats-Unis (USA)\u00c9thiopieFidjiFinlandeFranceGabonGambieG\u00e9orgieG\u00e9orgie du Sud \/ \u00eeles SandwichGhanaGibraltarGr\u00e8ceGrenadeGroenlandGuadeloupeGuamGuatemalaGuerneseyGuin\u00e9eGuin\u00e9e \u00e9quatorialeGuin\u00e9e-BissauGuyaneGuyane Fran\u00e7aiseHa\u00eftiHondurasHong KongHongrie\u00cele Bouvet\u00cele de Man\u00cele Norfolk\u00celes Ca\u00efmans\u00celes Cocos\u00celes Cook\u00celes Falkland\u00celes F\u00e9ro\u00e9\u00celes Heard-et-MacDonald\u00celes Marshall\u00celes Mineures \u00e9loign\u00e9es des \u00c9tats-Unis\u00celes Salomon\u00celes Turques et Ca\u00efquesIndeIndon\u00e9sieIranIraqIrlandeIslandeIsra\u00eblItalieJama\u00efqueJaponJerseyJordanieKazakhstanKenyaKiribatiKowe\u00eftKyrgyzstanLa R\u00e9unionLaosLesothoLettonieLibanLiberiaLibyeLiechtensteinLituanieLuxembourgMacaoMac\u00e9doine du NordMadagascarMalaisieMalawiMaldivesMaliMalteMarocMartiniqueMauriceMauritanieMayotteMexiqueMicron\u00e9sieMoldavieMonacoMongolieMontenegroMontserratMozambiqueMyanmarNamibieNauruN\u00e9palNicaraguaNigerNigeriaNiueNorthern Mariana IslandsNorv\u00e8geNouvelle-Cal\u00e9donieNouvelle-Z\u00e9landeOmanPakistanPanamaPapouasie-Nouvelle-Guin\u00e9eParaguayPays-BasP\u00e9rouPhilippinesPitcairnPolognePolyn\u00e9sie Fran\u00e7aisePortugalPuerto RicoQatarR\u00e9publique CentrafricaineR\u00e9publique DominicaineR\u00e9publique Tch\u00e8queRoumanieRoyaume-Uni (UK)RussieRwandaSaba, Saint-Eustache et BonaireSahara occidentalSaint Barth\u00e9lemySaint Pierre et MiquelonSaint-Kitts-et-NevisSaint-Martin (partie fran\u00e7aise)Saint-Martin (partie n\u00e9erlandaise)Saint-Vincent-et-les-GrenadinesSainte-H\u00e9l\u00e8neSainte-LucieSalvadorSamoaSan MarinoSao Tom\u00e9-et-PrincipeS\u00e9n\u00e9galSerbieSeychellesSierra LeoneSingapourSlovaquieSlov\u00e9nieSomalieSoudanSoudan du SudSri LankaSu\u00e8deSuisseSurinameSvalbard et Jan MayenSyrieTaiwanTajikistanTanzanieTchadTerres Australes Fran\u00e7aisesTerritoire britannique de l\u2019oc\u00e9an IndienTerritoire PalestinienThailandeTimor-LesteTogoTokelauTongaTrinit\u00e9-et-TobagoTunisieTurkm\u00e9nistanTurquieTuvaluUgandaUkraineUruguayUzbekistanVanuatuVaticanVenezuelaVietnamVirgin Islands (British)Virgin Islands (US)Wallis et FutunaYemenZambieZimbabweMettre \u00e0 jour le pays\/r\u00e9gion Num\u00e9ro et nom de rue&nbsp;* Appartement, suite, unit\u00e9, etc.&nbsp;(facultatif) Code postal&nbsp;* Ville&nbsp;* R\u00e9gion\u00a0\/\u00a0D\u00e9partement&nbsp;(facultatif) T\u00e9l\u00e9phone&nbsp;* Adresse e-mail&nbsp;* Livraison \u00e0 une autre adresse\u00a0? Pr\u00e9nom&nbsp;* Nom&nbsp;* Nom de l\u2019entreprise&nbsp;(facultatif) Pays\/r\u00e9gion&nbsp;*S\u00e9lectionner un pays\/r\u00e9gion\u2026AfghanistanAfrique du Sud\u00c5land IslandsAlbanieAlg\u00e9rieAllemagneAmerican SamoaAndorreAngolaAnguillaAntarctiqueAntigua-et-BarbudaArabie SaouditeArgentineArm\u00e9nieArubaAustralieAutricheAzerbaijanBahamasBahrainBangladeshBarbadesBelauBelgiqueBelizeBeninBermudesBhutanBi\u00e9lorussieBolivieBosnie-Herz\u00e9govineBotswanaBr\u00e9silBruneiBulgarieBurkina FasoBurundiCambodgeCamerounCanadaCap VertChiliChineChristmas IslandChypreColombieComoresCongo (Brazzaville)Congo (Kinshasa)Cor\u00e9e du NordCor\u00e9e du SudCosta RicaC\u00f4te-d\u2019IvoireCroatieCubaCura\u00e7aoDanemarkDjiboutiDominique\u00c9gypte\u00c9mirats Arabes Unis\u00c9quateurErythr\u00e9eEspagneEstonieEswatiniEtats-Unis (USA)\u00c9thiopieFidjiFinlandeFranceGabonGambieG\u00e9orgieG\u00e9orgie du Sud \/ \u00eeles SandwichGhanaGibraltarGr\u00e8ceGrenadeGroenlandGuadeloupeGuamGuatemalaGuerneseyGuin\u00e9eGuin\u00e9e \u00e9quatorialeGuin\u00e9e-BissauGuyaneGuyane Fran\u00e7aiseHa\u00eftiHondurasHong KongHongrie\u00cele Bouvet\u00cele de Man\u00cele Norfolk\u00celes Ca\u00efmans\u00celes Cocos\u00celes Cook\u00celes Falkland\u00celes F\u00e9ro\u00e9\u00celes Heard-et-MacDonald\u00celes Marshall\u00celes Mineures \u00e9loign\u00e9es des \u00c9tats-Unis\u00celes Salomon\u00celes Turques et Ca\u00efquesIndeIndon\u00e9sieIranIraqIrlandeIslandeIsra\u00eblItalieJama\u00efqueJaponJerseyJordanieKazakhstanKenyaKiribatiKowe\u00eftKyrgyzstanLa R\u00e9unionLaosLesothoLettonieLibanLiberiaLibyeLiechtensteinLituanieLuxembourgMacaoMac\u00e9doine du NordMadagascarMalaisieMalawiMaldivesMaliMalteMarocMartiniqueMauriceMauritanieMayotteMexiqueMicron\u00e9sieMoldavieMonacoMongolieMontenegroMontserratMozambiqueMyanmarNamibieNauruN\u00e9palNicaraguaNigerNigeriaNiueNorthern Mariana IslandsNorv\u00e8geNouvelle-Cal\u00e9donieNouvelle-Z\u00e9landeOmanPakistanPanamaPapouasie-Nouvelle-Guin\u00e9eParaguayPays-BasP\u00e9rouPhilippinesPitcairnPolognePolyn\u00e9sie Fran\u00e7aisePortugalPuerto RicoQatarR\u00e9publique CentrafricaineR\u00e9publique DominicaineR\u00e9publique Tch\u00e8queRoumanieRoyaume-Uni (UK)RussieRwandaSaba, Saint-Eustache et BonaireSahara occidentalSaint Barth\u00e9lemySaint Pierre et MiquelonSaint-Kitts-et-NevisSaint-Martin (partie fran\u00e7aise)Saint-Martin (partie n\u00e9erlandaise)Saint-Vincent-et-les-GrenadinesSainte-H\u00e9l\u00e8neSainte-LucieSalvadorSamoaSan MarinoSao Tom\u00e9-et-PrincipeS\u00e9n\u00e9galSerbieSeychellesSierra LeoneSingapourSlovaquieSlov\u00e9nieSomalieSoudanSoudan du SudSri LankaSu\u00e8deSuisseSurinameSvalbard et Jan MayenSyrieTaiwanTajikistanTanzanieTchadTerres Australes Fran\u00e7aisesTerritoire britannique de l\u2019oc\u00e9an IndienTerritoire PalestinienThailandeTimor-LesteTogoTokelauTongaTrinit\u00e9-et-TobagoTunisieTurkm\u00e9nistanTurquieTuvaluUgandaUkraineUruguayUzbekistanVanuatuVaticanVenezuelaVietnamVirgin Islands (British)Virgin Islands (US)Wallis et FutunaYemenZambieZimbabweMettre \u00e0 jour le pays\/r\u00e9gion Num\u00e9ro et nom de rue&nbsp;* Appartement, suite, unit\u00e9, etc.&nbsp;(facultatif) Code postal&nbsp;* Ville&nbsp;* R\u00e9gion\u00a0\/\u00a0D\u00e9partement&nbsp;(facultatif) Notes de commande&nbsp;(facultatif) Votre commande Produit Sous-total Recharge BOIS\u00c9E Balade en For\u00eat &#8211; Les Bougies de Carole C\u00e9leste 200ml&nbsp; &times;&nbsp;1 Choisissez la taille de votre contenant: Les Bougies de Carole C\u00e9leste 200ml Type contenant: Choisir une option Quantit\u00e9 exacte du contenant en ml: &nbsp; Hauteur en cm: &nbsp; Diam\u00e8tre en cm: &nbsp; Longueur en cm: &nbsp; Largeur en cm: &nbsp; Hauteur en cm: &nbsp; Tranche de prix: 0 (0,00&nbsp;&euro;) Photos: &nbsp; 25,00&nbsp;&euro; Sous-total 25,00&nbsp;&euro; Total 25,00&nbsp;&euro; Vous avez un code promo\u00a0? Cliquer pour saisir un code promo Si vous avez un code promo, veuillez le saisir ci-dessous. Appliquer Paiement s\u00e9curis\u00e9 par carte de cr\u00e9dit \/ d\u00e9bit \/ bleu Enregistrer les informations de paiement sur mon compte pour de futurs achats. Bancontact Enregistrer les informations de paiement sur mon compte pour de futurs achats. PayPal Paiement par PayPal. Votre navigateur ne supporte pas JavaScript ou bien il est d\u00e9sactiv\u00e9, assurez vous de cliquer sur le bouton Mise \u00e0 Jour Totaux avant de passer votre commande. Vous pouvez \u00eatre factur\u00e9 plus que le montant indiqu\u00e9 ci-dessus si vous omettez de le faire. Mise \u00e0 jour des totaux Vos donn\u00e9es personnelles seront utilis\u00e9es pour traiter votre commande, faciliter votre navigation sur ce site web et pour d&rsquo;autres raisons d\u00e9crites dans notre site web. politique de confidentialit\u00e9. Commander<\/p>\n","protected":false},"author":1,"featured_media":0,"parent":0,"menu_order":0,"comment_status":"closed","ping_status":"closed","template":"","meta":{"_acf_changed":false,"footnotes":""},"class_list":["post-20205","page","type-page","status-publish","hentry"],"acf":[],"_links":{"self":[{"href":"https:\/\/lesbougiesdecarole.com\/fr_fr\/wp-json\/wp\/v2\/pages\/20205","targetHints":{"allow":["GET"]}}],"collection":[{"href":"https:\/\/lesbougiesdecarole.com\/fr_fr\/wp-json\/wp\/v2\/pages"}],"about":[{"href":"https:\/\/lesbougiesdecarole.com\/fr_fr\/wp-json\/wp\/v2\/types\/page"}],"author":[{"embeddable":true,"href":"https:\/\/lesbougiesdecarole.com\/fr_fr\/wp-json\/wp\/v2\/users\/1"}],"replies":[{"embeddable":true,"href":"https:\/\/lesbougiesdecarole.com\/fr_fr\/wp-json\/wp\/v2\/comments?post=20205"}],"version-history":[{"count":7,"href":"https:\/\/lesbougiesdecarole.com\/fr_fr\/wp-json\/wp\/v2\/pages\/20205\/revisions"}],"predecessor-version":[{"id":20215,"href":"https:\/\/lesbougiesdecarole.com\/fr_fr\/wp-json\/wp\/v2\/pages\/20205\/revisions\/20215"}],"wp:attachment":[{"href":"https:\/\/lesbougiesdecarole.com\/fr_fr\/wp-json\/wp\/v2\/media?parent=20205"}],"curies":[{"name":"wp","href":"https:\/\/api.w.org\/{rel}","templated":true}]}}