{"id":10093,"date":"2024-06-04T12:05:17","date_gmt":"2024-06-04T10:05:17","guid":{"rendered":"https:\/\/lesbougiesdecarole.com\/?post_type=product&#038;p=10093"},"modified":"2024-12-12T01:31:43","modified_gmt":"2024-12-12T00:31:43","slug":"bougie-tasse-s-fleur-de-coton-avec-bijou","status":"publish","type":"product","link":"https:\/\/lesbougiesdecarole.com\/fr_fr\/produit\/bougie-tasse-s-fleur-de-coton-avec-bijou\/","title":{"rendered":"Bougie tasse S Fleur de coton avec bijou"},"content":{"rendered":"<p style=\"text-align: center;\"><strong>Bougie Bijou<\/strong><\/p>\n<p><strong>Temps de combustion<\/strong> : environ 20 heures<\/p>\n<p><strong>Contenance<\/strong> : 80ml<\/p>\n<p><strong>M\u00e8che<\/strong> : coton<\/p>\n<p><strong>Couleur<\/strong> : blanc<\/p>\n<p><strong>Mati\u00e8re<\/strong> : porcelaine fine v\u00e9ritable Colombia<\/p>\n<p><strong>Fragrance<\/strong>\u00a0: fleur de coton<\/p>\n<p style=\"text-align: center;\"><strong>Bijou\u00a0<\/strong><\/p>\n<p style=\"text-align: center;\">Bracelet chaine avec une entretoise en forme de coeur<\/p>\n<p><strong>Longueur<\/strong> : <em>17cm\u00a0<\/em><\/p>\n<p><strong>Rallonge<\/strong> : <em>3cm sans nikel<\/em><\/p>\n<p><strong>Couleur<\/strong> : <em>or<\/em><\/p>\n<ul>\n<li><strong>Option or<\/strong> : <em>plaquage or 925 milli\u00e8me<\/em><\/li>\n<\/ul>\n<p>Le bracelet est prot\u00e9g\u00e9 dans un sachet herm\u00e9tique, entour\u00e9 de plusieurs couches d&rsquo;aluminium pour la chaleur de la cire.<\/p>\n<p>\u200b<b>Pour utiliser votre bougie en toute s\u00e9curit\u00e9, merci de bien vouloir lire les <\/b><a href=\"https:\/\/lesbougiesdecarole.com\/consignes-securite\/\"><b>nos conseils d\u2019utilisation<\/b><\/a><\/p>\n","protected":false},"excerpt":{"rendered":"<p>\ud83d\udc9d\ud83c\udf84\u2b50\ufe0fNouveaut\u00e9 Magique pour les f\u00eates !\u2b50\ufe0f\ud83c\udf84\ud83d\udc9d<\/p>\n<p>D\u00e9couvrez notre \u00c9dition Limit\u00e9e de \ud83d\udd6f\ufe0fbougies en porcelaine avec un bijou surprise en or \u00e0 l\u2019int\u00e9rieur. Un cadeau doublement enchanteur : une bougie qui embaume la pi\u00e8ce et un somptueux bracelet pour briller de mille feux\ud83c\udf1f\u2b50\ufe0f\ud83c\udf1f<\/p>\n<p>\ud83d\udc9d\ud83d\udc9d\ud83d\udc9dOffrez l\u2019\u00e9l\u00e9gance et la d\u00e9licatesse avec notre \u00e9dition limit\u00e9e, parfaite pour \u00e9merveiller vos proches \u00e0 No\u00ebl.<\/p>\n","protected":false},"featured_media":10095,"template":"","meta":{"_acf_changed":false},"product_brand":[],"product_cat":[43,41,15],"product_tag":[248],"class_list":{"0":"post-10093","1":"product","2":"type-product","3":"status-publish","4":"has-post-thumbnail","6":"product_cat-bougies-bijoux","7":"product_cat-bougies-vintages","8":"product_cat-tous-les-produits","9":"product_tag-bougies","11":"first","12":"instock","13":"taxable","14":"shipping-taxable","15":"purchasable","16":"product-type-simple","17":"wpzoom-wc-spi-has-enabled"},"acf":[],"wcpa_form_fields":null,"_links":{"self":[{"href":"https:\/\/lesbougiesdecarole.com\/fr_fr\/wp-json\/wp\/v2\/product\/10093","targetHints":{"allow":["GET"]}}],"collection":[{"href":"https:\/\/lesbougiesdecarole.com\/fr_fr\/wp-json\/wp\/v2\/product"}],"about":[{"href":"https:\/\/lesbougiesdecarole.com\/fr_fr\/wp-json\/wp\/v2\/types\/product"}],"version-history":[{"count":1,"href":"https:\/\/lesbougiesdecarole.com\/fr_fr\/wp-json\/wp\/v2\/product\/10093\/revisions"}],"predecessor-version":[{"id":13024,"href":"https:\/\/lesbougiesdecarole.com\/fr_fr\/wp-json\/wp\/v2\/product\/10093\/revisions\/13024"}],"wp:featuredmedia":[{"embeddable":true,"href":"https:\/\/lesbougiesdecarole.com\/fr_fr\/wp-json\/wp\/v2\/media\/10095"}],"wp:attachment":[{"href":"https:\/\/lesbougiesdecarole.com\/fr_fr\/wp-json\/wp\/v2\/media?parent=10093"}],"wp:term":[{"taxonomy":"product_brand","embeddable":true,"href":"https:\/\/lesbougiesdecarole.com\/fr_fr\/wp-json\/wp\/v2\/product_brand?post=10093"},{"taxonomy":"product_cat","embeddable":true,"href":"https:\/\/lesbougiesdecarole.com\/fr_fr\/wp-json\/wp\/v2\/product_cat?post=10093"},{"taxonomy":"product_tag","embeddable":true,"href":"https:\/\/lesbougiesdecarole.com\/fr_fr\/wp-json\/wp\/v2\/product_tag?post=10093"}],"curies":[{"name":"wp","href":"https:\/\/api.w.org\/{rel}","templated":true}]}}