{"id":1114,"date":"2021-07-22T00:13:46","date_gmt":"2021-07-21T22:13:46","guid":{"rendered":"https:\/\/lesbougiesdecarole.com\/?post_type=product&#038;p=1114"},"modified":"2026-03-21T13:06:36","modified_gmt":"2026-03-21T12:06:36","slug":"kit-dentretien-bougies","status":"publish","type":"product","link":"https:\/\/lesbougiesdecarole.com\/fr_fr\/produit\/kit-dentretien-bougies\/","title":{"rendered":"Kit d&rsquo;entretien bougies"},"content":{"rendered":"<p><strong>Kit d&rsquo;entretien bougies<\/strong><\/p>\n<p>\ud83c\udf38Kit \u00ab\u00a0Entretenir sa bougie v\u00e9g\u00e9tale\u00a0\u00bb\ud83c\udf38<\/p>\n<p>Composition : un coffret avec\u00a01 \u00e9taignoir + 1 paire de ciseaux \u00ab\u00a0coupe-m\u00e8che\u00a0\u00bb + 1 racloir.<\/p>\n<p>\ud83c\udf31L&rsquo;\u00e9teignoir. Il\u00a0vous permettra d&rsquo;\u00e9teindre toutes vos bougies proprement et en toute s\u00e9curit\u00e9. Il permettra \u00e9galement de ne pas ab\u00eemer votre m\u00e8che pour sa prochaine utilisation.<\/p>\n<p>\ud83c\udf31La paire de ciseaux \u00ab\u00a0coupe-m\u00e8che\u00a0\u00bb. Elle vous permettra de garder vos m\u00e8ches \u00e0 la taille id\u00e9ale pour que votre bougie ne d\u00e9gage pas de fum\u00e9e. Sa forme courb\u00e9e vous permet d&rsquo;aller au fond de votre contenant\u00a0facilement. Couper les m\u00e8ches usag\u00e9es \u00e0 0,5cm du bord de la cire.<\/p>\n<p>\ud83c\udf31Le racloir,\u00a0vous permettra de :<\/p>\n<p>&#8211; racler l&rsquo;\u00e9ventuel reste de cire sur les c\u00f4t\u00e9s qui ne serait pas liquide afin de r\u00e9aliser une piscine parfaite<\/p>\n<p>&#8211; \u00e9teindre la m\u00e8che en plongeant celle-ci dans la cire chaude et la relever directemant afin de ne pas faire de fum\u00e9e.<\/p>\n<p>&#8211; replacer la m\u00e8che droite apr\u00e8s utilisation de la bougie.<\/p>\n<p>&nbsp;<\/p>\n<p>Retrouvez la vid\u00e9o \u00ab\u00a0pas \u00e0 pas\u00a0\u00bb sur le lien suivant :<\/p>\n<p><iframe title=\"Bougie v\u00e9g\u00e9tale KcoDco Kit &quot;Entretenir sa bougie&quot;\" width=\"1300\" height=\"731\" data-src=\"https:\/\/www.youtube.com\/embed\/dE8NRl_UwxQ?feature=oembed\" frameborder=\"0\" allow=\"accelerometer; autoplay; clipboard-write; encrypted-media; gyroscope; picture-in-picture; web-share\" referrerpolicy=\"strict-origin-when-cross-origin\" allowfullscreen src=\"data:image\/svg+xml;base64,PHN2ZyB3aWR0aD0iMSIgaGVpZ2h0PSIxIiB4bWxucz0iaHR0cDovL3d3dy53My5vcmcvMjAwMC9zdmciPjwvc3ZnPg==\" class=\"lazyload\" data-load-mode=\"1\"><\/iframe><\/p>\n","protected":false},"excerpt":{"rendered":"<p>Kit d&rsquo;entretien bougies \ud83c\udf38Kit \u00ab\u00a0Entretenir sa bougie v\u00e9g\u00e9tale\u00a0\u00bb\ud83c\udf38 Composition : un coffret avec\u00a01 \u00e9taignoir + 1 paire de ciseaux \u00ab\u00a0coupe-m\u00e8che\u00a0\u00bb + 1 racloir. \ud83c\udf31L&rsquo;\u00e9teignoir. Il\u00a0vous permettra d&rsquo;\u00e9teindre toutes vos bougies proprement et en toute s\u00e9curit\u00e9. Il permettra \u00e9galement de ne pas ab\u00eemer votre m\u00e8che pour sa prochaine utilisation. \ud83c\udf31La paire de ciseaux \u00ab\u00a0coupe-m\u00e8che\u00a0\u00bb. Elle vous permettra de garder vos m\u00e8ches \u00e0 la taille id\u00e9ale pour que votre bougie ne d\u00e9gage pas de fum\u00e9e. Sa forme courb\u00e9e vous permet d&rsquo;aller au fond de votre contenant\u00a0facilement. Couper les m\u00e8ches usag\u00e9es \u00e0 0,5cm du bord de la cire. \ud83c\udf31Le racloir,\u00a0vous permettra de : &#8211; racler l&rsquo;\u00e9ventuel reste de cire sur les c\u00f4t\u00e9s qui ne serait pas liquide afin de r\u00e9aliser une piscine parfaite &#8211; \u00e9teindre la m\u00e8che en plongeant celle-ci dans la cire chaude et la relever directemant afin de ne pas faire de fum\u00e9e. &#8211; replacer la m\u00e8che droite apr\u00e8s utilisation de la bougie. &nbsp; Retrouvez la vid\u00e9o \u00ab\u00a0pas \u00e0 pas\u00a0\u00bb sur le lien suivant :<\/p>\n","protected":false},"featured_media":9977,"template":"","meta":{"_acf_changed":false},"product_brand":[],"product_cat":[27,15],"product_tag":[250],"class_list":{"0":"post-1114","1":"product","2":"type-product","3":"status-publish","4":"has-post-thumbnail","6":"product_cat-accessoires","7":"product_cat-tous-les-produits","8":"product_tag-accessoires","10":"first","11":"instock","12":"taxable","13":"shipping-taxable","14":"purchasable","15":"product-type-simple","16":"wpzoom-wc-spi-has-enabled"},"acf":[],"wcpa_form_fields":null,"_links":{"self":[{"href":"https:\/\/lesbougiesdecarole.com\/fr_fr\/wp-json\/wp\/v2\/product\/1114","targetHints":{"allow":["GET"]}}],"collection":[{"href":"https:\/\/lesbougiesdecarole.com\/fr_fr\/wp-json\/wp\/v2\/product"}],"about":[{"href":"https:\/\/lesbougiesdecarole.com\/fr_fr\/wp-json\/wp\/v2\/types\/product"}],"version-history":[{"count":1,"href":"https:\/\/lesbougiesdecarole.com\/fr_fr\/wp-json\/wp\/v2\/product\/1114\/revisions"}],"predecessor-version":[{"id":13292,"href":"https:\/\/lesbougiesdecarole.com\/fr_fr\/wp-json\/wp\/v2\/product\/1114\/revisions\/13292"}],"wp:featuredmedia":[{"embeddable":true,"href":"https:\/\/lesbougiesdecarole.com\/fr_fr\/wp-json\/wp\/v2\/media\/9977"}],"wp:attachment":[{"href":"https:\/\/lesbougiesdecarole.com\/fr_fr\/wp-json\/wp\/v2\/media?parent=1114"}],"wp:term":[{"taxonomy":"product_brand","embeddable":true,"href":"https:\/\/lesbougiesdecarole.com\/fr_fr\/wp-json\/wp\/v2\/product_brand?post=1114"},{"taxonomy":"product_cat","embeddable":true,"href":"https:\/\/lesbougiesdecarole.com\/fr_fr\/wp-json\/wp\/v2\/product_cat?post=1114"},{"taxonomy":"product_tag","embeddable":true,"href":"https:\/\/lesbougiesdecarole.com\/fr_fr\/wp-json\/wp\/v2\/product_tag?post=1114"}],"curies":[{"name":"wp","href":"https:\/\/api.w.org\/{rel}","templated":true}]}}