{"id":1307,"date":"2021-07-26T17:04:53","date_gmt":"2021-07-26T15:04:53","guid":{"rendered":"https:\/\/lesbougiesdecarole.com\/?post_type=product&#038;p=1307"},"modified":"2024-10-04T04:12:00","modified_gmt":"2024-10-04T02:12:00","slug":"bougie-pot-a-lait-mousse-de-chene","status":"publish","type":"product","link":"https:\/\/lesbougiesdecarole.com\/fr_fr\/produit\/bougie-pot-a-lait-mousse-de-chene\/","title":{"rendered":"Bougie pot \u00e0 lait Mousse de ch\u00eane"},"content":{"rendered":"<p><strong>Bougie pot \u00e0 lait Mousse de ch\u00eane<\/strong><\/p>\n<p><strong>Temps de combustion<\/strong> : environ 50 &#8211; 55 heures<\/p>\n<p><strong>Contenance<\/strong> : 200 ml<\/p>\n<p><strong>M\u00e8che<\/strong> : coton<\/p>\n<p><strong>Couleur<\/strong> : blanc<\/p>\n<p><strong>Mati\u00e8re<\/strong> : porcelaine d&rsquo;Allemagne, Bavaria, Kronester<\/p>\n<p>\u200b<b>Pour utiliser votre bougie en toute s\u00e9curit\u00e9, merci de bien vouloir lire <\/b><a href=\"https:\/\/lesbougiesdecarole.com\/consignes-securite\/\"><b>nos conseils d\u2019utilisation<\/b><\/a><\/p>\n","protected":false},"excerpt":{"rendered":"<p>Bougie pot \u00e0 lait Mousse de ch\u00eane Temps de combustion : environ 50 &#8211; 55 heures Contenance : 200 ml M\u00e8che : coton Couleur : blanc Mati\u00e8re : porcelaine d&rsquo;Allemagne, Bavaria, Kronester \u200bPour utiliser votre bougie en toute s\u00e9curit\u00e9, merci de bien vouloir lire nos conseils d\u2019utilisation<\/p>\n","protected":false},"featured_media":9837,"template":"","meta":{"_acf_changed":false},"product_brand":[],"product_cat":[41,71,15],"product_tag":[248],"class_list":{"0":"post-1307","1":"product","2":"type-product","3":"status-publish","4":"has-post-thumbnail","6":"product_cat-bougies-vintages","7":"product_cat-les-natures","8":"product_cat-tous-les-produits","9":"product_tag-bougies","11":"first","12":"instock","13":"taxable","14":"shipping-taxable","15":"purchasable","16":"product-type-simple","17":"wpzoom-wc-spi-has-enabled"},"acf":[],"wcpa_form_fields":null,"_links":{"self":[{"href":"https:\/\/lesbougiesdecarole.com\/fr_fr\/wp-json\/wp\/v2\/product\/1307","targetHints":{"allow":["GET"]}}],"collection":[{"href":"https:\/\/lesbougiesdecarole.com\/fr_fr\/wp-json\/wp\/v2\/product"}],"about":[{"href":"https:\/\/lesbougiesdecarole.com\/fr_fr\/wp-json\/wp\/v2\/types\/product"}],"version-history":[{"count":1,"href":"https:\/\/lesbougiesdecarole.com\/fr_fr\/wp-json\/wp\/v2\/product\/1307\/revisions"}],"predecessor-version":[{"id":13030,"href":"https:\/\/lesbougiesdecarole.com\/fr_fr\/wp-json\/wp\/v2\/product\/1307\/revisions\/13030"}],"wp:featuredmedia":[{"embeddable":true,"href":"https:\/\/lesbougiesdecarole.com\/fr_fr\/wp-json\/wp\/v2\/media\/9837"}],"wp:attachment":[{"href":"https:\/\/lesbougiesdecarole.com\/fr_fr\/wp-json\/wp\/v2\/media?parent=1307"}],"wp:term":[{"taxonomy":"product_brand","embeddable":true,"href":"https:\/\/lesbougiesdecarole.com\/fr_fr\/wp-json\/wp\/v2\/product_brand?post=1307"},{"taxonomy":"product_cat","embeddable":true,"href":"https:\/\/lesbougiesdecarole.com\/fr_fr\/wp-json\/wp\/v2\/product_cat?post=1307"},{"taxonomy":"product_tag","embeddable":true,"href":"https:\/\/lesbougiesdecarole.com\/fr_fr\/wp-json\/wp\/v2\/product_tag?post=1307"}],"curies":[{"name":"wp","href":"https:\/\/api.w.org\/{rel}","templated":true}]}}