{"id":1667,"date":"2021-08-01T22:11:26","date_gmt":"2021-08-01T20:11:26","guid":{"rendered":"https:\/\/lesbougiesdecarole.com\/?post_type=product&#038;p=1667"},"modified":"2025-05-09T17:07:13","modified_gmt":"2025-05-09T15:07:13","slug":"carte-cadeau","status":"publish","type":"product","link":"https:\/\/lesbougiesdecarole.com\/fr_fr\/produit\/carte-cadeau\/","title":{"rendered":"Carte cadeau"},"content":{"rendered":"<p>&nbsp;<\/p>\n<p>&nbsp;<\/p>\n","protected":false},"excerpt":{"rendered":"<p>\ud83c\udf81 <strong>Offrez une exp\u00e9rience unique avec Les Bougies de Carole !<\/strong><\/p>\n<p>Faites plaisir \u00e0 vos proches avec notre <strong>carte cadeau<\/strong> valable sur l&rsquo;ensemble de notre site et services :<\/p>\n<p>\u2728 <strong>Bougies artisanales v\u00e9g\u00e9tales<\/strong><br \/>\n\u267b\ufe0f <strong>Recharges et accessoires \u00e9co-responsables<\/strong><br \/>\n\ud83d\udd6f\ufe0f <strong>Ateliers cr\u00e9atifs<\/strong> pour d\u00e9couvrir l&rsquo;art de la fabrication<br \/>\n\ud83d\udca1 <strong>Service de remplissage<\/strong> pour une d\u00e9marche 100% circulaire<\/p>\n<p>Un cadeau \u00e0 la fois original, durable, et personnalis\u00e9 selon les envies de chacun.<\/p>\n<p><strong>Choisissez, offrez, et laissez la magie op\u00e9rer !<\/strong> \u2728<\/p>\n<p>Un code et un coupon (que vous pourrez imprimer) sera envoy\u00e9 apr\u00e8s la confirmation de commande par mail. Carte valable 1 an, \u00e0 partir de la date d&rsquo;achat.<\/p>\n","protected":false},"featured_media":9790,"template":"","meta":{"_acf_changed":false},"product_brand":[],"product_cat":[15],"product_tag":[251],"class_list":{"0":"post-1667","1":"product","2":"type-product","3":"status-publish","4":"has-post-thumbnail","6":"product_cat-tous-les-produits","7":"product_tag-cadeaux","9":"first","10":"instock","11":"taxable","12":"shipping-taxable","13":"purchasable","14":"product-type-variable"},"acf":[],"wcpa_form_fields":null,"_links":{"self":[{"href":"https:\/\/lesbougiesdecarole.com\/fr_fr\/wp-json\/wp\/v2\/product\/1667","targetHints":{"allow":["GET"]}}],"collection":[{"href":"https:\/\/lesbougiesdecarole.com\/fr_fr\/wp-json\/wp\/v2\/product"}],"about":[{"href":"https:\/\/lesbougiesdecarole.com\/fr_fr\/wp-json\/wp\/v2\/types\/product"}],"version-history":[{"count":6,"href":"https:\/\/lesbougiesdecarole.com\/fr_fr\/wp-json\/wp\/v2\/product\/1667\/revisions"}],"predecessor-version":[{"id":23354,"href":"https:\/\/lesbougiesdecarole.com\/fr_fr\/wp-json\/wp\/v2\/product\/1667\/revisions\/23354"}],"wp:featuredmedia":[{"embeddable":true,"href":"https:\/\/lesbougiesdecarole.com\/fr_fr\/wp-json\/wp\/v2\/media\/9790"}],"wp:attachment":[{"href":"https:\/\/lesbougiesdecarole.com\/fr_fr\/wp-json\/wp\/v2\/media?parent=1667"}],"wp:term":[{"taxonomy":"product_brand","embeddable":true,"href":"https:\/\/lesbougiesdecarole.com\/fr_fr\/wp-json\/wp\/v2\/product_brand?post=1667"},{"taxonomy":"product_cat","embeddable":true,"href":"https:\/\/lesbougiesdecarole.com\/fr_fr\/wp-json\/wp\/v2\/product_cat?post=1667"},{"taxonomy":"product_tag","embeddable":true,"href":"https:\/\/lesbougiesdecarole.com\/fr_fr\/wp-json\/wp\/v2\/product_tag?post=1667"}],"curies":[{"name":"wp","href":"https:\/\/api.w.org\/{rel}","templated":true}]}}