{"id":24889,"date":"2026-01-29T15:52:34","date_gmt":"2026-01-29T14:52:34","guid":{"rendered":"https:\/\/lesbougiesdecarole.com\/?post_type=product&#038;p=24889"},"modified":"2026-02-04T14:28:50","modified_gmt":"2026-02-04T13:28:50","slug":"bougie-parfumee-celeste-200ml-saint-valentin","status":"publish","type":"product","link":"https:\/\/lesbougiesdecarole.com\/fr_fr\/produit\/bougie-parfumee-celeste-200ml-saint-valentin\/","title":{"rendered":"Bougie parfum\u00e9e C\u00e9leste 200ml Saint Valentin"},"content":{"rendered":"<p><strong>Bougie C\u00e9leste<\/strong><\/p>\n<p><strong>Temps de combustion<\/strong> : environ 55 heures<\/p>\n<p><strong>Contenance<\/strong> : 200ml<\/p>\n<p><strong>M\u00e8che<\/strong> : bois en forme de coeur. Qui procure un l\u00e9ger cr\u00e9pitement.<\/p>\n<p><strong>Couleur<\/strong> : blanc ou noir<\/p>\n<p><strong>Mati\u00e8re<\/strong> : verre<\/p>\n<p><strong>Pour utiliser votre bougie en toute s\u00e9curit\u00e9, merci de bien vouloir lire <a href=\"\/consignes-securite\/\">nos conseils d\u2019utilisation<\/a><span class=\"Apple-converted-space\">\u00a0<\/span><\/strong><\/p>\n","protected":false},"excerpt":{"rendered":"<p>Bougie parfum\u00e9e de 200ml, id\u00e9al pour parfumer des espaces de 25 \u00e0 100 m\u00b2, tels que les pi\u00e8ces \u00e0 vivre ou les espaces ouverts.<\/p>\n<p>\ud83d\udc8e <strong>La meilleure qualit\u00e9 de bougie et la dur\u00e9e la plus longue<\/strong> \ud83d\udc8e<\/p>\n<ul>\n<li><strong>55 heures<\/strong> de combustion<\/li>\n<li>Parfume jusqu\u2019\u00e0 <strong>100 m\u00b2<\/strong> d\u2019espace<\/li>\n<li><strong>Fragrances de Grasse<\/strong> : saines et respectueuses de la sant\u00e9<\/li>\n<li><strong>Cire 100% naturelle <\/strong>: Soja sans pesticides ni OGM. Pas de paraffine, ni produits chimiques<\/li>\n<li>Possibilit\u00e9 de recharger votre contenant avec <a href=\"https:\/\/lesbougiesdecarole.com\/fr_fr\/categorie-produit\/achetez-une-recharge\/\">nos recharges de 200ml<\/a>, \u00e0 la senteur de vos envies.<img fetchpriority=\"high\" decoding=\"async\" class=\"alignleft wp-image-19759 size-large\" src=\"https:\/\/lesbougiesdecarole.com\/wp-content\/uploads\/2024\/10\/reassurance-lesbougiesdecarole-1024x242.png\" alt=\"\" width=\"1024\" height=\"242\" srcset=\"https:\/\/lesbougiesdecarole.com\/wp-content\/uploads\/2024\/10\/reassurance-lesbougiesdecarole-1024x242.png 1024w, https:\/\/lesbougiesdecarole.com\/wp-content\/uploads\/2024\/10\/reassurance-lesbougiesdecarole-300x71.png 300w, https:\/\/lesbougiesdecarole.com\/wp-content\/uploads\/2024\/10\/reassurance-lesbougiesdecarole-768x182.png 768w, https:\/\/lesbougiesdecarole.com\/wp-content\/uploads\/2024\/10\/reassurance-lesbougiesdecarole-370x87.png 370w, https:\/\/lesbougiesdecarole.com\/wp-content\/uploads\/2024\/10\/reassurance-lesbougiesdecarole-770x182.png 770w, https:\/\/lesbougiesdecarole.com\/wp-content\/uploads\/2024\/10\/reassurance-lesbougiesdecarole-18x4.png 18w, https:\/\/lesbougiesdecarole.com\/wp-content\/uploads\/2024\/10\/reassurance-lesbougiesdecarole-600x142.png 600w, https:\/\/lesbougiesdecarole.com\/wp-content\/uploads\/2024\/10\/reassurance-lesbougiesdecarole.png 1210w\" sizes=\"(max-width: 1024px) 100vw, 1024px\" \/><\/li>\n<li><\/li>\n<\/ul>\n","protected":false},"featured_media":24977,"template":"","meta":{"_acf_changed":false},"product_brand":[],"product_cat":[32,45,52,53,15],"product_tag":[248],"class_list":{"0":"post-24889","1":"product","2":"type-product","3":"status-publish","4":"has-post-thumbnail","6":"product_cat-bougies-modernes","7":"product_cat-les-boisees","8":"product_cat-les-fleuries","9":"product_cat-les-gourmandes","10":"product_cat-tous-les-produits","11":"product_tag-bougies","13":"first","14":"instock","15":"taxable","16":"shipping-taxable","17":"purchasable","18":"product-type-variable","19":"wpzoom-wc-spi-has-enabled"},"acf":[],"wcpa_form_fields":null,"_links":{"self":[{"href":"https:\/\/lesbougiesdecarole.com\/fr_fr\/wp-json\/wp\/v2\/product\/24889","targetHints":{"allow":["GET"]}}],"collection":[{"href":"https:\/\/lesbougiesdecarole.com\/fr_fr\/wp-json\/wp\/v2\/product"}],"about":[{"href":"https:\/\/lesbougiesdecarole.com\/fr_fr\/wp-json\/wp\/v2\/types\/product"}],"version-history":[{"count":2,"href":"https:\/\/lesbougiesdecarole.com\/fr_fr\/wp-json\/wp\/v2\/product\/24889\/revisions"}],"predecessor-version":[{"id":24978,"href":"https:\/\/lesbougiesdecarole.com\/fr_fr\/wp-json\/wp\/v2\/product\/24889\/revisions\/24978"}],"wp:featuredmedia":[{"embeddable":true,"href":"https:\/\/lesbougiesdecarole.com\/fr_fr\/wp-json\/wp\/v2\/media\/24977"}],"wp:attachment":[{"href":"https:\/\/lesbougiesdecarole.com\/fr_fr\/wp-json\/wp\/v2\/media?parent=24889"}],"wp:term":[{"taxonomy":"product_brand","embeddable":true,"href":"https:\/\/lesbougiesdecarole.com\/fr_fr\/wp-json\/wp\/v2\/product_brand?post=24889"},{"taxonomy":"product_cat","embeddable":true,"href":"https:\/\/lesbougiesdecarole.com\/fr_fr\/wp-json\/wp\/v2\/product_cat?post=24889"},{"taxonomy":"product_tag","embeddable":true,"href":"https:\/\/lesbougiesdecarole.com\/fr_fr\/wp-json\/wp\/v2\/product_tag?post=24889"}],"curies":[{"name":"wp","href":"https:\/\/api.w.org\/{rel}","templated":true}]}}