{"id":25072,"date":"2026-02-11T16:39:13","date_gmt":"2026-02-11T15:39:13","guid":{"rendered":"https:\/\/lesbougiesdecarole.com\/?post_type=product&#038;p=25072"},"modified":"2026-02-14T13:50:45","modified_gmt":"2026-02-14T12:50:45","slug":"fondant-rose-et-fleur-de-pommier","status":"publish","type":"product","link":"https:\/\/lesbougiesdecarole.com\/fr_fr\/produit\/fondant-rose-et-fleur-de-pommier\/","title":{"rendered":"Fondant Rose et fleur de pommier"},"content":{"rendered":"\t\t<div data-elementor-type=\"wp-post\" data-elementor-id=\"25072\" class=\"elementor elementor-25072\" data-elementor-post-type=\"product\">\n\t\t\t\t<div class=\"elementor-element elementor-element-b7265d0 e-flex e-con-boxed wpr-particle-no wpr-jarallax-no wpr-parallax-no wpr-sticky-section-no e-con e-parent\" data-id=\"b7265d0\" data-element_type=\"container\" data-e-type=\"container\">\n\t\t\t\t\t<div class=\"e-con-inner\">\n\t\t\t\t<div class=\"elementor-element elementor-element-caaacef e-n-tabs-none custom-tabs elementor-widget elementor-widget-n-tabs\" data-id=\"caaacef\" data-element_type=\"widget\" data-e-type=\"widget\" data-settings=\"{&quot;tabs_justify_horizontal&quot;:&quot;start&quot;,&quot;horizontal_scroll_mobile&quot;:&quot;disable&quot;,&quot;horizontal_scroll&quot;:&quot;disable&quot;}\" data-widget_type=\"nested-tabs.default\">\n\t\t\t\t<div class=\"elementor-widget-container\">\n\t\t\t\t\t\t\t<div class=\"e-n-tabs\" data-widget-number=\"212511983\" aria-label=\"Onglets. Ouvrez des \u00e9l\u00e9ments avec Entrer ou Espace, fermez-les avec Echape et naviguez \u00e0 l&#039;aide des touches fl\u00e9ch\u00e9es.\">\n\t\t\t<div class=\"e-n-tabs-heading\" role=\"tablist\">\n\t\t\t\t\t<button id=\"e-n-tab-title-2125119831\" data-tab-title-id=\"e-n-tab-title-2125119831\" class=\"e-n-tab-title\" aria-selected=\"true\" data-tab-index=\"1\" role=\"tab\" tabindex=\"0\" aria-controls=\"e-n-tab-content-2125119831\" style=\"--n-tabs-title-order: 1;\">\n\t\t\t\t\t\t<span class=\"e-n-tab-title-text\">\n\t\t\t\tDescription\t\t\t<\/span>\n\t\t<\/button>\n\t\t\t\t<button id=\"e-n-tab-title-2125119832\" data-tab-title-id=\"e-n-tab-title-2125119832\" class=\"e-n-tab-title\" aria-selected=\"false\" data-tab-index=\"2\" role=\"tab\" tabindex=\"-1\" aria-controls=\"e-n-tab-content-2125119832\" style=\"--n-tabs-title-order: 2;\">\n\t\t\t\t\t\t<span class=\"e-n-tab-title-text\">\n\t\t\t\tNotes olfactives\t\t\t<\/span>\n\t\t<\/button>\n\t\t\t\t\t<\/div>\n\t\t\t<div class=\"e-n-tabs-content\">\n\t\t\t\t<div id=\"e-n-tab-content-2125119831\" role=\"tabpanel\" aria-labelledby=\"e-n-tab-title-2125119831\" data-tab-index=\"1\" style=\"--n-tabs-title-order: 1;\" class=\"e-active elementor-element elementor-element-b80aba2 e-con-full e-flex wpr-particle-no wpr-jarallax-no wpr-parallax-no wpr-sticky-section-no e-con e-child\" data-id=\"b80aba2\" data-element_type=\"container\" data-e-type=\"container\">\n\t\t\t\t<div class=\"elementor-element elementor-element-121a2f9 elementor-widget elementor-widget-heading\" data-id=\"121a2f9\" data-element_type=\"widget\" data-e-type=\"widget\" data-widget_type=\"heading.default\">\n\t\t\t\t<div class=\"elementor-widget-container\">\n\t\t\t\t\t<h2 class=\"elementor-heading-title elementor-size-default\">Les Bougies de Carole \n<br>FONDANT Rose et fleur de pommier\n<\/h2>\t\t\t\t<\/div>\n\t\t\t\t<\/div>\n\t\t<div class=\"elementor-element elementor-element-69514cf4 e-grid e-con-full wpr-particle-no wpr-jarallax-no wpr-parallax-no wpr-sticky-section-no e-con e-child\" data-id=\"69514cf4\" data-element_type=\"container\" data-e-type=\"container\">\n\t\t\t\t<div class=\"elementor-element elementor-element-25936d2e elementor-widget elementor-widget-text-editor\" data-id=\"25936d2e\" data-element_type=\"widget\" data-e-type=\"widget\" data-widget_type=\"text-editor.default\">\n\t\t\t\t<div class=\"elementor-widget-container\">\n\t\t\t\t\t\t\t\t\t<p>\ud83d\udc8e <strong>La meilleure qualit\u00e9 de fondant et la plus longue dur\u00e9e sur le march\u00e9<\/strong> \ud83d\udc8e<\/p><p>\ud83c\udf38 <strong>Plongez dans une ambiance florale et d\u00e9licate avec<\/strong> notre fondant Rose et Fleur de Pommier. <br \/>Avec ses notes fra\u00eeches et printani\u00e8res, ce fondant infuse votre espace d&rsquo;une douce harmonie, rappelant un jardin en pleine floraison.<\/p>\t\t\t\t\t\t\t\t<\/div>\n\t\t\t\t<\/div>\n\t\t\t\t<div class=\"elementor-element elementor-element-396eb11a elementor-widget elementor-widget-image\" data-id=\"396eb11a\" data-element_type=\"widget\" data-e-type=\"widget\" data-widget_type=\"image.default\">\n\t\t\t\t<div class=\"elementor-widget-container\">\n\t\t\t\t\t\t\t\t\t\t\t\t\t\t\t<img fetchpriority=\"high\" decoding=\"async\" width=\"1024\" height=\"137\" src=\"https:\/\/lesbougiesdecarole.com\/wp-content\/uploads\/2024\/06\/Rose-et-Fleur-de-Pommie-1024x137.jpg\" class=\"attachment-large size-large wp-image-20016\" alt=\"fondant - lille - rose et fleur de pommier\" srcset=\"https:\/\/lesbougiesdecarole.com\/wp-content\/uploads\/2024\/06\/Rose-et-Fleur-de-Pommie-1024x137.jpg 1024w, https:\/\/lesbougiesdecarole.com\/wp-content\/uploads\/2024\/06\/Rose-et-Fleur-de-Pommie-300x40.jpg 300w, https:\/\/lesbougiesdecarole.com\/wp-content\/uploads\/2024\/06\/Rose-et-Fleur-de-Pommie-768x103.jpg 768w, https:\/\/lesbougiesdecarole.com\/wp-content\/uploads\/2024\/06\/Rose-et-Fleur-de-Pommie-370x50.jpg 370w, https:\/\/lesbougiesdecarole.com\/wp-content\/uploads\/2024\/06\/Rose-et-Fleur-de-Pommie-770x103.jpg 770w, https:\/\/lesbougiesdecarole.com\/wp-content\/uploads\/2024\/06\/Rose-et-Fleur-de-Pommie-1536x206.jpg 1536w, https:\/\/lesbougiesdecarole.com\/wp-content\/uploads\/2024\/06\/Rose-et-Fleur-de-Pommie-2048x275.jpg 2048w, https:\/\/lesbougiesdecarole.com\/wp-content\/uploads\/2024\/06\/Rose-et-Fleur-de-Pommie-18x2.jpg 18w, https:\/\/lesbougiesdecarole.com\/wp-content\/uploads\/2024\/06\/Rose-et-Fleur-de-Pommie-600x81.jpg 600w\" sizes=\"(max-width: 1024px) 100vw, 1024px\" \/>\t\t\t\t\t\t\t\t\t\t\t\t\t\t\t<\/div>\n\t\t\t\t<\/div>\n\t\t\t\t<div class=\"elementor-element elementor-element-ec30c69 elementor-widget elementor-widget-text-editor\" data-id=\"ec30c69\" data-element_type=\"widget\" data-e-type=\"widget\" data-widget_type=\"text-editor.default\">\n\t\t\t\t<div class=\"elementor-widget-container\">\n\t\t\t\t\t\t\t\t\t<p><strong>Renouveau printanier, une union florale enchanteresse. <\/strong><\/p><p><strong>Cr\u00e9e une atmosph\u00e8re douce et rafra\u00eechissante. Id\u00e9ale pour la chambre ou le salon.<\/strong><\/p>\t\t\t\t\t\t\t\t<\/div>\n\t\t\t\t<\/div>\n\t\t\t\t<div class=\"elementor-element elementor-element-1c903284 elementor-widget elementor-widget-text-editor\" data-id=\"1c903284\" data-element_type=\"widget\" data-e-type=\"widget\" data-widget_type=\"text-editor.default\">\n\t\t\t\t<div class=\"elementor-widget-container\">\n\t\t\t\t\t\t\t\t\t<h3 data-path-to-node=\"3\">\u2728 Comment utiliser vos fondants \u00ab\u00a0Les Bougies de Carole\u00a0\u00bb ?<\/h3><p data-path-to-node=\"4\">Le fondant est une alternative id\u00e9ale \u00e0 la bougie classique : il diffuse son parfum plus intens\u00e9ment et plus rapidement car la cire ne br\u00fble pas, elle fond doucement.<\/p><h4 data-path-to-node=\"5\">1. Pr\u00e9parez votre br\u00fble-parfum<\/h4><p data-path-to-node=\"6\">Placez votre br\u00fble-parfum (en c\u00e9ramique ou en verre) sur une surface plane et stable. Assurez-vous que la coupelle sup\u00e9rieure soit bien propre.<\/p><h4 data-path-to-node=\"7\">2. D\u00e9posez votre fondant<\/h4><p data-path-to-node=\"8\">Prenez un fondant de la fragrance de votre choix (un seul suffit largement pour embaumer une pi\u00e8ce de 20 \u00e0 30m\u00b2). D\u00e9posez-le simplement au centre de la coupelle. <i data-path-to-node=\"8\" data-index-in-node=\"162\">Pas besoin d&rsquo;ajouter d&rsquo;eau !<\/i><\/p><h4 data-path-to-node=\"9\">3. Allumez la magie<\/h4><p data-path-to-node=\"10\">Placez une bougie chauffe-plat \u00e0 l&rsquo;int\u00e9rieur du br\u00fble-parfum (dans la partie inf\u00e9rieure) et allumez-la. Sous l&rsquo;effet de la chaleur, la cire de soja va devenir liquide en quelques minutes et lib\u00e9rer les pr\u00e9cieuses fragrances de Grasse.<\/p><h4 data-path-to-node=\"11\">4. Profitez de l&rsquo;ambiance<\/h4><p data-path-to-node=\"12\">Un fondant diffuse son parfum pendant environ <b data-path-to-node=\"12\" data-index-in-node=\"46\">8 \u00e0 10 heures<\/b>. Vous pouvez l&rsquo;\u00e9teindre et le rallumer plusieurs fois : la cire se solidifiera \u00e0 nouveau en refroidissant et gardera son parfum pour la prochaine utilisation.<\/p><h4 data-path-to-node=\"13\">5. Comment changer de parfum ?<\/h4><p data-path-to-node=\"14\">Lorsque le fondant ne diffuse plus assez d&rsquo;odeur, attendez qu&rsquo;il refroidisse et durcisse.<\/p><p data-path-to-node=\"15,0,0\"><b data-path-to-node=\"15,0,0\" data-index-in-node=\"0\">Astuce de Carole :<\/b> Rallumez votre chauffe-plat 30 secondes pour d\u00e9coller l\u00e9g\u00e8rement la base du bloc de cire, poussez-le doucement, il glissera tout seul ! Vous n&rsquo;avez plus qu&rsquo;\u00e0 nettoyer la coupelle avec un essuie-tout avant de changer de fragrance.<\/p><hr data-path-to-node=\"16\" \/><h3 data-path-to-node=\"17\">\ud83d\udca1 Le petit plus s\u00e9curit\u00e9 &amp; qualit\u00e9 :<\/h3><p data-path-to-node=\"18,0,0\"><b data-path-to-node=\"18,0,0\" data-index-in-node=\"0\">Cire de soja :<\/b> Naturelle et v\u00e9g\u00e9tale, elle se nettoie facilement \u00e0 l&rsquo;eau chaude savonneuse.<\/p><p data-path-to-node=\"18,1,0\"><b data-path-to-node=\"18,1,0\" data-index-in-node=\"0\">Fragrances de Grasse :<\/b> Nos parfums sont garantis sans substances CMR (Canc\u00e9rig\u00e8nes, Mutag\u00e8nes, Reprotoxiques) pour une maison qui sent bon en toute s\u00e9r\u00e9nit\u00e9.<\/p>\t\t\t\t\t\t\t\t<\/div>\n\t\t\t\t<\/div>\n\t\t\t\t<div class=\"elementor-element elementor-element-1e25847d elementor-widget-divider--view-line elementor-widget elementor-widget-divider\" data-id=\"1e25847d\" data-element_type=\"widget\" data-e-type=\"widget\" data-widget_type=\"divider.default\">\n\t\t\t\t<div class=\"elementor-widget-container\">\n\t\t\t\t\t\t\t<div class=\"elementor-divider\">\n\t\t\t<span class=\"elementor-divider-separator\">\n\t\t\t\t\t\t<\/span>\n\t\t<\/div>\n\t\t\t\t\t\t<\/div>\n\t\t\t\t<\/div>\n\t\t\t\t<div class=\"elementor-element elementor-element-d24211f elementor-widget elementor-widget-text-editor\" data-id=\"d24211f\" data-element_type=\"widget\" data-e-type=\"widget\" data-widget_type=\"text-editor.default\">\n\t\t\t\t<div class=\"elementor-widget-container\">\n\t\t\t\t\t\t\t\t\t<h5 style=\"background-color: #ffffff;\"><span style=\"font-weight: bolder;\">\u00a0<\/span><\/h5>\t\t\t\t\t\t\t\t<\/div>\n\t\t\t\t<\/div>\n\t\t\t\t<\/div>\n\t\t\t\t<\/div>\n\t\t<div id=\"e-n-tab-content-2125119832\" role=\"tabpanel\" aria-labelledby=\"e-n-tab-title-2125119832\" data-tab-index=\"2\" style=\"--n-tabs-title-order: 2;\" class=\" elementor-element elementor-element-5e4e796 e-con-full e-flex wpr-particle-no wpr-jarallax-no wpr-parallax-no wpr-sticky-section-no e-con e-child\" data-id=\"5e4e796\" data-element_type=\"container\" data-e-type=\"container\">\n\t\t\t\t<div class=\"elementor-element elementor-element-6e6f5f3 elementor-widget elementor-widget-text-editor\" data-id=\"6e6f5f3\" data-element_type=\"widget\" data-e-type=\"widget\" data-widget_type=\"text-editor.default\">\n\t\t\t\t<div class=\"elementor-widget-container\">\n\t\t\t\t\t\t\t\t\t<p>Notes : Florale \/ Musqu\u00e9e \/ Verte<br \/>T\u00eate : mandarine\/citron\/fleur de pommier<br \/>Coeur : magnolia\/pivoine\/rose<br \/>Fond : c\u00e8dre\/santal\/musc<\/p>\t\t\t\t\t\t\t\t<\/div>\n\t\t\t\t<\/div>\n\t\t\t\t<\/div>\n\t\t\t\t\t<\/div>\n\t\t<\/div>\n\t\t\t\t\t\t<\/div>\n\t\t\t\t<\/div>\n\t\t\t\t\t<\/div>\n\t\t\t\t<\/div>\n\t\t\t\t<\/div>\n\t\t","protected":false},"excerpt":{"rendered":"<p><strong>\ud83d\udc8e<\/strong><strong> La meilleure qualit\u00e9 de fondant et la dur\u00e9e la plus longue <\/strong><strong>\ud83d\udc8e<br \/>\n<\/strong><\/p>\n<hr \/>\n<ul>\n<li><strong>10 heures<\/strong> de combustion avec un parfum intense, gr\u00e2ce \u00e0 ce fondant de 14gr<\/li>\n<li>Parfume jusqu\u2019\u00e0 <strong>50 m\u00b2<\/strong><\/li>\n<li><strong>Fragrances de Grasse<\/strong>, respectueuses de la sant\u00e9<\/li>\n<li><strong>100% naturel<\/strong> : sans paraffine, ni produits chimiques<\/li>\n<\/ul>\n<p><img decoding=\"async\" class=\"alignleft wp-image-19759 size-large lazyload\" data-src=\"https:\/\/lesbougiesdecarole.com\/wp-content\/uploads\/2024\/10\/reassurance-lesbougiesdecarole-1024x242.png\" alt=\"\" width=\"1024\" height=\"242\" data-srcset=\"https:\/\/lesbougiesdecarole.com\/wp-content\/uploads\/2024\/10\/reassurance-lesbougiesdecarole-1024x242.png 1024w, https:\/\/lesbougiesdecarole.com\/wp-content\/uploads\/2024\/10\/reassurance-lesbougiesdecarole-300x71.png 300w, https:\/\/lesbougiesdecarole.com\/wp-content\/uploads\/2024\/10\/reassurance-lesbougiesdecarole-768x182.png 768w, https:\/\/lesbougiesdecarole.com\/wp-content\/uploads\/2024\/10\/reassurance-lesbougiesdecarole-370x87.png 370w, https:\/\/lesbougiesdecarole.com\/wp-content\/uploads\/2024\/10\/reassurance-lesbougiesdecarole-770x182.png 770w, https:\/\/lesbougiesdecarole.com\/wp-content\/uploads\/2024\/10\/reassurance-lesbougiesdecarole-18x4.png 18w, https:\/\/lesbougiesdecarole.com\/wp-content\/uploads\/2024\/10\/reassurance-lesbougiesdecarole-600x142.png 600w, https:\/\/lesbougiesdecarole.com\/wp-content\/uploads\/2024\/10\/reassurance-lesbougiesdecarole.png 1210w\" data-sizes=\"(max-width: 1024px) 100vw, 1024px\" src=\"data:image\/svg+xml;base64,PHN2ZyB3aWR0aD0iMSIgaGVpZ2h0PSIxIiB4bWxucz0iaHR0cDovL3d3dy53My5vcmcvMjAwMC9zdmciPjwvc3ZnPg==\" style=\"--smush-placeholder-width: 1024px; --smush-placeholder-aspect-ratio: 1024\/242;\" \/><\/p>\n<p>&nbsp;<\/p>\n<p>&nbsp;<\/p>\n","protected":false},"featured_media":25061,"template":"","meta":{"_acf_changed":false},"product_brand":[],"product_cat":[293,15],"product_tag":[295],"class_list":{"0":"post-25072","1":"product","2":"type-product","3":"status-publish","4":"has-post-thumbnail","6":"product_cat-nos-fondants","7":"product_cat-tous-les-produits","8":"product_tag-fondant","10":"first","11":"instock","12":"taxable","13":"shipping-taxable","14":"purchasable","15":"product-type-simple","16":"wpzoom-wc-spi-has-enabled"},"acf":[],"wcpa_form_fields":null,"_links":{"self":[{"href":"https:\/\/lesbougiesdecarole.com\/fr_fr\/wp-json\/wp\/v2\/product\/25072","targetHints":{"allow":["GET"]}}],"collection":[{"href":"https:\/\/lesbougiesdecarole.com\/fr_fr\/wp-json\/wp\/v2\/product"}],"about":[{"href":"https:\/\/lesbougiesdecarole.com\/fr_fr\/wp-json\/wp\/v2\/types\/product"}],"version-history":[{"count":16,"href":"https:\/\/lesbougiesdecarole.com\/fr_fr\/wp-json\/wp\/v2\/product\/25072\/revisions"}],"predecessor-version":[{"id":25139,"href":"https:\/\/lesbougiesdecarole.com\/fr_fr\/wp-json\/wp\/v2\/product\/25072\/revisions\/25139"}],"wp:featuredmedia":[{"embeddable":true,"href":"https:\/\/lesbougiesdecarole.com\/fr_fr\/wp-json\/wp\/v2\/media\/25061"}],"wp:attachment":[{"href":"https:\/\/lesbougiesdecarole.com\/fr_fr\/wp-json\/wp\/v2\/media?parent=25072"}],"wp:term":[{"taxonomy":"product_brand","embeddable":true,"href":"https:\/\/lesbougiesdecarole.com\/fr_fr\/wp-json\/wp\/v2\/product_brand?post=25072"},{"taxonomy":"product_cat","embeddable":true,"href":"https:\/\/lesbougiesdecarole.com\/fr_fr\/wp-json\/wp\/v2\/product_cat?post=25072"},{"taxonomy":"product_tag","embeddable":true,"href":"https:\/\/lesbougiesdecarole.com\/fr_fr\/wp-json\/wp\/v2\/product_tag?post=25072"}],"curies":[{"name":"wp","href":"https:\/\/api.w.org\/{rel}","templated":true}]}}