{"id":2839,"date":"2021-10-19T13:06:27","date_gmt":"2021-10-19T11:06:27","guid":{"rendered":"https:\/\/lesbougiesdecarole.com\/?post_type=product&#038;p=2839"},"modified":"2025-12-01T16:12:51","modified_gmt":"2025-12-01T15:12:51","slug":"calendrier-de-lavent-2025-bougies-vegetales","status":"publish","type":"product","link":"https:\/\/lesbougiesdecarole.com\/fr_fr\/produit\/calendrier-de-lavent-2025-bougies-vegetales\/","title":{"rendered":"Calendrier de l&rsquo;avent 2025 &#8211; bougies v\u00e9g\u00e9tales"},"content":{"rendered":"<p><strong>Composition du calendrier de l&rsquo;avent\u00a0<\/strong>: 24 mini bougies avec 24 fragrances diff\u00e9rentes (notes fleuries, notes bois\u00e9es, notes natures, notes sucr\u00e9es).<br \/>\nTaille : 25*4,5*39cm<\/p>\n<p><strong>D\u00e9tail d&rsquo;une mini bougie<\/strong> :<br \/>\nTemps de combustion : min 8 heures. Soit un total de 200 heures<br \/>\nContenance : 22ml<br \/>\nM\u00e8che : coton<br \/>\nMati\u00e8re : verre<\/p>\n<p>Ce produit a \u00e9t\u00e9 recommand\u00e9 par le Magazine en ligne Fashions Addict en 2021. D\u00e9couvrez l&rsquo;article <a href=\"https:\/\/www.fashions-addict.com\/Noel-2021-notre-selection-de-calendriers-de-l-avent_451___19809.html\" target=\"_blank\" rel=\"noopener\">ici\u00a0<\/a><\/p>\n<p>\u26a0\ufe0f Allumez la bougie hors du calendrier de l&rsquo;avent.<br \/>\nD\u00e9couvrez les consignes de s\u00e9curit\u00e9 et d&rsquo;utilisation ici : <span style=\"color: #ce6477;\"><a style=\"color: #ce6477;\" href=\"https:\/\/lesbougiesdecarole.com\/consignes-securite\/\" target=\"_blank\" rel=\"noopener\">https:\/\/lesbougiesdecarole.com\/securite\/<\/a><\/span><\/p>\n<p>\ud83d\ude9a Exp\u00e9dition \u00e0 partir du 12 novembre 2025<\/p>\n","protected":false},"excerpt":{"rendered":"<p>Un cadeau id\u00e9al pour illuminer et parfumer les pr\u00e9paratifs de No\u00ebl, ou pour prolonger la magie de No\u00ebl jusqu\u2019\u00e0 la fin janvier.<\/p>\n<p>\ud83c\udf38Ce calendrier est compos\u00e9 de 24 bougies v\u00e9g\u00e9tales, avec 24 fragrances d\u00e9licates et subtiles de Grasse.<\/p>\n<p>\ud83c\udf38Chaque jour une fragrance diff\u00e9rente. Chaque bougie dure minimum 8 heures de combustion ! Vous aurez donc presque 200 heures de d\u00e9couverte olfactive pour accompagner les pr\u00e9paratifs de No\u00ebl. De plus ce beau calendrier artisanal est con\u00e7u en France.<\/p>\n<p>\ud83d\udce6R\u00e9servez votre calendrier d\u00e8s maintenant!<\/p>\n","protected":false},"featured_media":17594,"template":"","meta":{"_acf_changed":false},"product_brand":[],"product_cat":[28,15],"product_tag":[249],"class_list":{"0":"post-2839","1":"product","2":"type-product","3":"status-publish","4":"has-post-thumbnail","6":"product_cat-coffret-de-bougies","7":"product_cat-tous-les-produits","8":"product_tag-calendriers","10":"first","11":"instock","12":"taxable","13":"shipping-taxable","14":"purchasable","15":"product-type-simple","16":"wpzoom-wc-spi-has-enabled"},"acf":[],"wcpa_form_fields":null,"_links":{"self":[{"href":"https:\/\/lesbougiesdecarole.com\/fr_fr\/wp-json\/wp\/v2\/product\/2839","targetHints":{"allow":["GET"]}}],"collection":[{"href":"https:\/\/lesbougiesdecarole.com\/fr_fr\/wp-json\/wp\/v2\/product"}],"about":[{"href":"https:\/\/lesbougiesdecarole.com\/fr_fr\/wp-json\/wp\/v2\/types\/product"}],"version-history":[{"count":9,"href":"https:\/\/lesbougiesdecarole.com\/fr_fr\/wp-json\/wp\/v2\/product\/2839\/revisions"}],"predecessor-version":[{"id":23558,"href":"https:\/\/lesbougiesdecarole.com\/fr_fr\/wp-json\/wp\/v2\/product\/2839\/revisions\/23558"}],"wp:featuredmedia":[{"embeddable":true,"href":"https:\/\/lesbougiesdecarole.com\/fr_fr\/wp-json\/wp\/v2\/media\/17594"}],"wp:attachment":[{"href":"https:\/\/lesbougiesdecarole.com\/fr_fr\/wp-json\/wp\/v2\/media?parent=2839"}],"wp:term":[{"taxonomy":"product_brand","embeddable":true,"href":"https:\/\/lesbougiesdecarole.com\/fr_fr\/wp-json\/wp\/v2\/product_brand?post=2839"},{"taxonomy":"product_cat","embeddable":true,"href":"https:\/\/lesbougiesdecarole.com\/fr_fr\/wp-json\/wp\/v2\/product_cat?post=2839"},{"taxonomy":"product_tag","embeddable":true,"href":"https:\/\/lesbougiesdecarole.com\/fr_fr\/wp-json\/wp\/v2\/product_tag?post=2839"}],"curies":[{"name":"wp","href":"https:\/\/api.w.org\/{rel}","templated":true}]}}