{"id":3003,"date":"2021-11-08T12:02:46","date_gmt":"2021-11-08T11:02:46","guid":{"rendered":"https:\/\/lesbougiesdecarole.com\/?post_type=product&#038;p=3003"},"modified":"2026-01-29T15:42:07","modified_gmt":"2026-01-29T14:42:07","slug":"bougie-parfumee-elios-100ml","status":"publish","type":"product","link":"https:\/\/lesbougiesdecarole.com\/fr_fr\/produit\/bougie-parfumee-elios-100ml\/","title":{"rendered":"Bougie parfum\u00e9e Elios 100ml"},"content":{"rendered":"<p><strong>Bougie Elios<\/strong><\/p>\n<p><strong>Temps de combustion<\/strong> : environ 25 &#8211; 30 heures<\/p>\n<p><strong>Contenance<\/strong> : 100 ml<\/p>\n<p><strong>M\u00e8che<\/strong> : coton<\/p>\n<p><strong>Couleur<\/strong> : noir, gris, blanc, dor\u00e9<\/p>\n<p><strong>Mati\u00e8re<\/strong> : Aluminium<\/p>\n<p>\u200b<b>Pour utiliser votre bougie en toute s\u00e9curit\u00e9, merci de bien vouloir lire <\/b><a href=\"https:\/\/lesbougiesdecarole.com\/consignes-securite\/\"><b>nos conseils d\u2019utilisation<\/b><\/a><\/p>\n","protected":false},"excerpt":{"rendered":"<p>Bougie parfum\u00e9e de 100ml, id\u00e9al pour parfumer des espaces jusqu&rsquo;\u00e0 25 m\u00b2, tels que les salles de bain, salon ferm\u00e9s, cuisine ferm\u00e9s, chambre ou toilettes.<\/p>\n<p>\ud83d\udc8e <strong>La meilleure qualit\u00e9 de bougie et la dur\u00e9e la plus longue<\/strong> \ud83d\udc8e<\/p>\n<ul>\n<li><strong>25 heures<\/strong> de combustion<\/li>\n<li>Parfume jusqu\u2019\u00e0 25<strong>\u00a0m\u00b2<\/strong> d\u2019espace<\/li>\n<li><strong>Fragrances de Grasse<\/strong> : saines et respectueuses de la sant\u00e9<\/li>\n<li><strong>Cire 100% naturelle <\/strong>: Soja sans pesticides ni OGM. Pas de paraffine, ni produits chimiques<\/li>\n<li>Possibilit\u00e9 de recharger votre contenant avec <a href=\"https:\/\/lesbougiesdecarole.com\/fr_fr\/categorie-produit\/achetez-une-recharge\/\">nos recharges de 100ml<\/a> ,\u00e0 la senteur de vos envies.<img fetchpriority=\"high\" decoding=\"async\" class=\"alignleft wp-image-19759 size-large\" src=\"https:\/\/lesbougiesdecarole.com\/wp-content\/uploads\/2024\/10\/reassurance-lesbougiesdecarole-1024x242.png\" alt=\"\" width=\"1024\" height=\"242\" srcset=\"https:\/\/lesbougiesdecarole.com\/wp-content\/uploads\/2024\/10\/reassurance-lesbougiesdecarole-1024x242.png 1024w, https:\/\/lesbougiesdecarole.com\/wp-content\/uploads\/2024\/10\/reassurance-lesbougiesdecarole-300x71.png 300w, https:\/\/lesbougiesdecarole.com\/wp-content\/uploads\/2024\/10\/reassurance-lesbougiesdecarole-768x182.png 768w, https:\/\/lesbougiesdecarole.com\/wp-content\/uploads\/2024\/10\/reassurance-lesbougiesdecarole-370x87.png 370w, https:\/\/lesbougiesdecarole.com\/wp-content\/uploads\/2024\/10\/reassurance-lesbougiesdecarole-770x182.png 770w, https:\/\/lesbougiesdecarole.com\/wp-content\/uploads\/2024\/10\/reassurance-lesbougiesdecarole-18x4.png 18w, https:\/\/lesbougiesdecarole.com\/wp-content\/uploads\/2024\/10\/reassurance-lesbougiesdecarole-600x142.png 600w, https:\/\/lesbougiesdecarole.com\/wp-content\/uploads\/2024\/10\/reassurance-lesbougiesdecarole.png 1210w\" sizes=\"(max-width: 1024px) 100vw, 1024px\" \/><\/li>\n<li><\/li>\n<\/ul>\n","protected":false},"featured_media":24882,"template":"","meta":{"_acf_changed":false},"product_brand":[],"product_cat":[32,45,52,53,71,15],"product_tag":[248],"class_list":{"0":"post-3003","1":"product","2":"type-product","3":"status-publish","4":"has-post-thumbnail","6":"product_cat-bougies-modernes","7":"product_cat-les-boisees","8":"product_cat-les-fleuries","9":"product_cat-les-gourmandes","10":"product_cat-les-natures","11":"product_cat-tous-les-produits","12":"product_tag-bougies","14":"first","15":"instock","16":"taxable","17":"shipping-taxable","18":"purchasable","19":"product-type-variable","20":"wpzoom-wc-spi-has-enabled"},"acf":[],"wcpa_form_fields":null,"_links":{"self":[{"href":"https:\/\/lesbougiesdecarole.com\/fr_fr\/wp-json\/wp\/v2\/product\/3003","targetHints":{"allow":["GET"]}}],"collection":[{"href":"https:\/\/lesbougiesdecarole.com\/fr_fr\/wp-json\/wp\/v2\/product"}],"about":[{"href":"https:\/\/lesbougiesdecarole.com\/fr_fr\/wp-json\/wp\/v2\/types\/product"}],"version-history":[{"count":4,"href":"https:\/\/lesbougiesdecarole.com\/fr_fr\/wp-json\/wp\/v2\/product\/3003\/revisions"}],"predecessor-version":[{"id":24879,"href":"https:\/\/lesbougiesdecarole.com\/fr_fr\/wp-json\/wp\/v2\/product\/3003\/revisions\/24879"}],"wp:featuredmedia":[{"embeddable":true,"href":"https:\/\/lesbougiesdecarole.com\/fr_fr\/wp-json\/wp\/v2\/media\/24882"}],"wp:attachment":[{"href":"https:\/\/lesbougiesdecarole.com\/fr_fr\/wp-json\/wp\/v2\/media?parent=3003"}],"wp:term":[{"taxonomy":"product_brand","embeddable":true,"href":"https:\/\/lesbougiesdecarole.com\/fr_fr\/wp-json\/wp\/v2\/product_brand?post=3003"},{"taxonomy":"product_cat","embeddable":true,"href":"https:\/\/lesbougiesdecarole.com\/fr_fr\/wp-json\/wp\/v2\/product_cat?post=3003"},{"taxonomy":"product_tag","embeddable":true,"href":"https:\/\/lesbougiesdecarole.com\/fr_fr\/wp-json\/wp\/v2\/product_tag?post=3003"}],"curies":[{"name":"wp","href":"https:\/\/api.w.org\/{rel}","templated":true}]}}