{"id":3996,"date":"2022-04-19T17:27:27","date_gmt":"2022-04-19T15:27:27","guid":{"rendered":"https:\/\/lesbougiesdecarole.com\/?post_type=product&#038;p=3996"},"modified":"2025-09-30T16:43:45","modified_gmt":"2025-09-30T14:43:45","slug":"coffret-de-bougies-eveil-de-senteur","status":"publish","type":"product","link":"https:\/\/lesbougiesdecarole.com\/fr_fr\/produit\/coffret-de-bougies-eveil-de-senteur\/","title":{"rendered":"Coffret de bougies \u00ab\u00a0Eveil de Senteurs\u00a0\u00bb"},"content":{"rendered":"<p><strong>Coffret avec 4 bougies v\u00e9g\u00e9tales.\u00a0<\/strong><\/p>\n<p>Ce coffret vous permet de d\u00e9couvrir les 4 fragrances du printemps. Il est id\u00e9al pour offrir pour un anniversaire, un cadeau plaisir, une f\u00eate des m\u00e8res ou \u00e0 No\u00ebl.<\/p>\n<p><strong>Composition du coffret\u00a0<\/strong>: 4 bougies avec 4 fragrances diff\u00e9rentes (Rose et fleur de pommier, Menthe basilic, Ambre, Bergamote), et 1 livret qui vous raconte une petite histoire sur chaque fragrance.<br \/>\nTaille : 22*22*10cm<\/p>\n<p><strong>D\u00e9tail d&rsquo;une bougie<\/strong> :<br \/>\nTemps de combustion : 25 heures. Soit un total de 100 heures pour les 4 bougies<br \/>\nContenance : 100ml<br \/>\nM\u00e8che : coton<br \/>\nMati\u00e8re : m\u00e9tal<\/p>\n<p>D\u00e9couvrez la vid\u00e9o sur <a href=\"https:\/\/youtu.be\/rUL9FBUtlS4\" target=\"_blank\" rel=\"noopener\">Youtube<\/a><\/p>\n<p>\u26a0\ufe0f Allumez la bougie hors du coffret.<br \/>\nD\u00e9couvrez les consignes de s\u00e9curit\u00e9 et d&rsquo;utilisation ici :\u00a0<a href=\"https:\/\/lesbougiesdecarole.com\/consignes-securite\/\" target=\"_blank\" rel=\"noopener\">https:\/\/lesbougiesdecarole.com\/securite\/<\/a><\/p>\n","protected":false},"excerpt":{"rendered":"<p>Coffret de 4 bougies v\u00e9g\u00e9tales aux fragrances printani\u00e8res.<\/p>\n<p>Id\u00e9al pour embaumer l&rsquo;air de renouveau par des effluves d\u00e9licates, vivifiantes, \u00e9l\u00e9gantes et chaleureuses.<\/p>\n","protected":false},"featured_media":10087,"template":"","meta":{"_acf_changed":false},"product_brand":[],"product_cat":[28,15],"product_tag":[247],"class_list":{"0":"post-3996","1":"product","2":"type-product","3":"status-publish","4":"has-post-thumbnail","6":"product_cat-coffret-de-bougies","7":"product_cat-tous-les-produits","8":"product_tag-coffret","10":"first","11":"instock","12":"taxable","13":"shipping-taxable","14":"purchasable","15":"product-type-simple","16":"wpzoom-wc-spi-has-enabled"},"acf":[],"wcpa_form_fields":null,"_links":{"self":[{"href":"https:\/\/lesbougiesdecarole.com\/fr_fr\/wp-json\/wp\/v2\/product\/3996","targetHints":{"allow":["GET"]}}],"collection":[{"href":"https:\/\/lesbougiesdecarole.com\/fr_fr\/wp-json\/wp\/v2\/product"}],"about":[{"href":"https:\/\/lesbougiesdecarole.com\/fr_fr\/wp-json\/wp\/v2\/types\/product"}],"version-history":[{"count":3,"href":"https:\/\/lesbougiesdecarole.com\/fr_fr\/wp-json\/wp\/v2\/product\/3996\/revisions"}],"predecessor-version":[{"id":15449,"href":"https:\/\/lesbougiesdecarole.com\/fr_fr\/wp-json\/wp\/v2\/product\/3996\/revisions\/15449"}],"wp:featuredmedia":[{"embeddable":true,"href":"https:\/\/lesbougiesdecarole.com\/fr_fr\/wp-json\/wp\/v2\/media\/10087"}],"wp:attachment":[{"href":"https:\/\/lesbougiesdecarole.com\/fr_fr\/wp-json\/wp\/v2\/media?parent=3996"}],"wp:term":[{"taxonomy":"product_brand","embeddable":true,"href":"https:\/\/lesbougiesdecarole.com\/fr_fr\/wp-json\/wp\/v2\/product_brand?post=3996"},{"taxonomy":"product_cat","embeddable":true,"href":"https:\/\/lesbougiesdecarole.com\/fr_fr\/wp-json\/wp\/v2\/product_cat?post=3996"},{"taxonomy":"product_tag","embeddable":true,"href":"https:\/\/lesbougiesdecarole.com\/fr_fr\/wp-json\/wp\/v2\/product_tag?post=3996"}],"curies":[{"name":"wp","href":"https:\/\/api.w.org\/{rel}","templated":true}]}}