{"id":4971,"date":"2022-11-22T15:07:16","date_gmt":"2022-11-22T14:07:16","guid":{"rendered":"https:\/\/lesbougiesdecarole.com\/?post_type=product&#038;p=4971"},"modified":"2025-09-30T16:43:26","modified_gmt":"2025-09-30T14:43:26","slug":"coffret-de-bougies-envolee-de-senteurs","status":"publish","type":"product","link":"https:\/\/lesbougiesdecarole.com\/fr_fr\/produit\/coffret-de-bougies-envolee-de-senteurs\/","title":{"rendered":"Coffret de bougies \u00ab\u00a0Envol\u00e9e de Senteurs\u00a0\u00bb"},"content":{"rendered":"<p><strong>Coffret avec 4 bougies v\u00e9g\u00e9tales.\u00a0<\/strong><\/p>\n<p>Ce coffret vous permet de d\u00e9couvrir les 4 fragrances automnales. Il est id\u00e9al pour offrir pour un anniversaire, un cadeau plaisir, une f\u00eate des m\u00e8res ou \u00e0 No\u00ebl.<\/p>\n<p><strong>Composition du coffret\u00a0<\/strong>: 4 bougies avec 4 fragrances diff\u00e9rentes (Mousse de ch\u00eane, Verveine, Santal et Caf\u00e9), et 1 livret qui vous raconte une petite histoire sur chaque fragrance.<br \/>\nTaille : 22*22*10cm<\/p>\n<p><strong>D\u00e9tail d&rsquo;une bougie<\/strong> :<br \/>\nTemps de combustion : 25 heures. Soit un total de 100 heures pour les 4 bougies<br \/>\nContenance : 100ml<br \/>\nM\u00e8che : coton<br \/>\nMati\u00e8re : m\u00e9tal<\/p>\n<p>D\u00e9couvrez la vid\u00e9o sur <a href=\"https:\/\/youtu.be\/1nKUZaIezqQ\" target=\"_blank\" rel=\"noopener\">Youtube<\/a><\/p>\n<p>\u26a0\ufe0f Allumez la bougie hors du coffret.<br \/>\nD\u00e9couvrez les consignes de s\u00e9curit\u00e9 et d&rsquo;utilisation ici :\u00a0<a href=\"https:\/\/lesbougiesdecarole.com\/consignes-securite\/\" target=\"_blank\" rel=\"noopener\">https:\/\/lesbougiesdecarole.com\/securite\/<\/a><\/p>\n","protected":false},"excerpt":{"rendered":"<p>Coffret de 4 bougies v\u00e9g\u00e9tales aux fragrances automnales.<\/p>\n<p>Id\u00e9al pour r\u00e9chauffer l&rsquo;ambiance, et traverser avec aisance les brumes de l&rsquo;automne.<\/p>\n","protected":false},"featured_media":10077,"template":"","meta":{"_acf_changed":false},"product_brand":[],"product_cat":[28,15],"product_tag":[247],"class_list":{"0":"post-4971","1":"product","2":"type-product","3":"status-publish","4":"has-post-thumbnail","6":"product_cat-coffret-de-bougies","7":"product_cat-tous-les-produits","8":"product_tag-coffret","10":"first","11":"instock","12":"taxable","13":"shipping-taxable","14":"purchasable","15":"product-type-simple","16":"wpzoom-wc-spi-has-enabled"},"acf":[],"wcpa_form_fields":null,"_links":{"self":[{"href":"https:\/\/lesbougiesdecarole.com\/fr_fr\/wp-json\/wp\/v2\/product\/4971","targetHints":{"allow":["GET"]}}],"collection":[{"href":"https:\/\/lesbougiesdecarole.com\/fr_fr\/wp-json\/wp\/v2\/product"}],"about":[{"href":"https:\/\/lesbougiesdecarole.com\/fr_fr\/wp-json\/wp\/v2\/types\/product"}],"version-history":[{"count":3,"href":"https:\/\/lesbougiesdecarole.com\/fr_fr\/wp-json\/wp\/v2\/product\/4971\/revisions"}],"predecessor-version":[{"id":15447,"href":"https:\/\/lesbougiesdecarole.com\/fr_fr\/wp-json\/wp\/v2\/product\/4971\/revisions\/15447"}],"wp:featuredmedia":[{"embeddable":true,"href":"https:\/\/lesbougiesdecarole.com\/fr_fr\/wp-json\/wp\/v2\/media\/10077"}],"wp:attachment":[{"href":"https:\/\/lesbougiesdecarole.com\/fr_fr\/wp-json\/wp\/v2\/media?parent=4971"}],"wp:term":[{"taxonomy":"product_brand","embeddable":true,"href":"https:\/\/lesbougiesdecarole.com\/fr_fr\/wp-json\/wp\/v2\/product_brand?post=4971"},{"taxonomy":"product_cat","embeddable":true,"href":"https:\/\/lesbougiesdecarole.com\/fr_fr\/wp-json\/wp\/v2\/product_cat?post=4971"},{"taxonomy":"product_tag","embeddable":true,"href":"https:\/\/lesbougiesdecarole.com\/fr_fr\/wp-json\/wp\/v2\/product_tag?post=4971"}],"curies":[{"name":"wp","href":"https:\/\/api.w.org\/{rel}","templated":true}]}}