{"id":5319,"date":"2023-02-23T17:11:32","date_gmt":"2023-02-23T16:11:32","guid":{"rendered":"https:\/\/lesbougiesdecarole.com\/?post_type=product&#038;p=5319"},"modified":"2024-10-04T04:09:50","modified_gmt":"2024-10-04T02:09:50","slug":"coffret-de-bougies-sans-parfum-eclairez-vous-a-la-bougie","status":"publish","type":"product","link":"https:\/\/lesbougiesdecarole.com\/fr_fr\/produit\/coffret-de-bougies-sans-parfum-eclairez-vous-a-la-bougie\/","title":{"rendered":"Coffret de bougies sans parfum \u00ab\u00a0Eclairez-vous \u00e0 la bougie\u00a0\u00bb"},"content":{"rendered":"<p><strong>Coffret de 4 bougies sans parfum<\/strong><\/p>\n<p>Ce coffret vous permet de profiter de profiter de la lueur d&rsquo;une bougie, sans senteur. Il est id\u00e9al pour offrir pour un anniversaire, un cadeau plaisir, une f\u00eate des m\u00e8res ou \u00e0 No\u00ebl.<\/p>\n<p>Objet d\u00e9coratif qui vient \u00e9clairer, illuminer et d\u00e9corer l&rsquo;int\u00e9rieur de chaque habitant sans parfums.<\/p>\n<p><strong>Composition du coffret\u00a0<\/strong>: 4 bougies sans senteurs.<br \/>\nTaille : 22*22*10cm<\/p>\n<p><strong>D\u00e9tail d&rsquo;une bougie<\/strong> :<br \/>\nTemps de combustion : 60 heures. Soit un total de 240 heures pour les 4 bougies<br \/>\nContenance : 200ml<br \/>\nM\u00e8che : coton<br \/>\nMati\u00e8re : verre transparent<\/p>\n<p>\u26a0\ufe0f Allumez la bougie hors du coffret.<br \/>\nD\u00e9couvrez les consignes de s\u00e9curit\u00e9 et d&rsquo;utilisation ici :<a href=\"https:\/\/lesbougiesdecarole.com\/consignes-securite\/\"> https:\/\/lesbougiesdecarole.com\/securite\/<\/a><\/p>\n","protected":false},"excerpt":{"rendered":"<p>Id\u00e9al pour ne pas perturber nos papilles lors d&rsquo;un repas \u00e0 table<\/p>\n<p>Id\u00e9al pour les personnes qui sont sensibles aux parfums.<\/p>\n<p>Id\u00e9al pour tamiser une ambiance le soir en remplacement d&rsquo;une lampe.<\/p>\n","protected":false},"featured_media":9771,"template":"","meta":{"_acf_changed":false},"product_brand":[],"product_cat":[28,15],"product_tag":[247],"class_list":{"0":"post-5319","1":"product","2":"type-product","3":"status-publish","4":"has-post-thumbnail","6":"product_cat-coffret-de-bougies","7":"product_cat-tous-les-produits","8":"product_tag-coffret","10":"first","11":"instock","12":"taxable","13":"shipping-taxable","14":"purchasable","15":"product-type-simple","16":"wpzoom-wc-spi-has-enabled"},"acf":[],"wcpa_form_fields":null,"_links":{"self":[{"href":"https:\/\/lesbougiesdecarole.com\/fr_fr\/wp-json\/wp\/v2\/product\/5319","targetHints":{"allow":["GET"]}}],"collection":[{"href":"https:\/\/lesbougiesdecarole.com\/fr_fr\/wp-json\/wp\/v2\/product"}],"about":[{"href":"https:\/\/lesbougiesdecarole.com\/fr_fr\/wp-json\/wp\/v2\/types\/product"}],"version-history":[{"count":3,"href":"https:\/\/lesbougiesdecarole.com\/fr_fr\/wp-json\/wp\/v2\/product\/5319\/revisions"}],"predecessor-version":[{"id":17588,"href":"https:\/\/lesbougiesdecarole.com\/fr_fr\/wp-json\/wp\/v2\/product\/5319\/revisions\/17588"}],"wp:featuredmedia":[{"embeddable":true,"href":"https:\/\/lesbougiesdecarole.com\/fr_fr\/wp-json\/wp\/v2\/media\/9771"}],"wp:attachment":[{"href":"https:\/\/lesbougiesdecarole.com\/fr_fr\/wp-json\/wp\/v2\/media?parent=5319"}],"wp:term":[{"taxonomy":"product_brand","embeddable":true,"href":"https:\/\/lesbougiesdecarole.com\/fr_fr\/wp-json\/wp\/v2\/product_brand?post=5319"},{"taxonomy":"product_cat","embeddable":true,"href":"https:\/\/lesbougiesdecarole.com\/fr_fr\/wp-json\/wp\/v2\/product_cat?post=5319"},{"taxonomy":"product_tag","embeddable":true,"href":"https:\/\/lesbougiesdecarole.com\/fr_fr\/wp-json\/wp\/v2\/product_tag?post=5319"}],"curies":[{"name":"wp","href":"https:\/\/api.w.org\/{rel}","templated":true}]}}