{"id":5522,"date":"2023-03-15T15:59:46","date_gmt":"2023-03-15T14:59:46","guid":{"rendered":"https:\/\/lesbougiesdecarole.com\/?post_type=product&#038;p=5522"},"modified":"2026-02-22T15:58:01","modified_gmt":"2026-02-22T14:58:01","slug":"allumettes-eclosion","status":"publish","type":"product","link":"https:\/\/lesbougiesdecarole.com\/fr_fr\/produit\/allumettes-eclosion\/","title":{"rendered":"Allumettes Eclosion"},"content":{"rendered":"<p><strong>Bo\u00eete d&rsquo;allumettes de suret\u00e9.<\/strong><\/p>\n<p>D\u00e9couvrez 60 allumettes de s\u00fbret\u00e9 en bois de peuplier de 95mm soigneusement rang\u00e9es dans une bo\u00eete sign\u00e9e Chantal Dana. Illustration \u00ab\u00a0Eclosion\u00a0\u00bb, au design estival.<\/p>\n<p>Cet accessoire est indispensable pour allumer vos bougies.<\/p>\n<p>Cette bo\u00eete est disponible dans 4 illustrations originales :<\/p>\n<ul>\n<li>Allumettes Eveil<\/li>\n<li>Allumettes Eclosion<\/li>\n<li>Allumettes Envol\u00e9e<\/li>\n<li>Allumettes Equilibre<\/li>\n<\/ul>\n<p>Vous l&rsquo;aurez peut-\u00eatre remarqu\u00e9, ces illustrations sont celles des coffrets de 4 bougies \ud83d\ude09. Un bon duo en terme de cadeau!<\/p>\n<p>Conseils d&rsquo;utilisation : Tenir au sec et hors de port\u00e9e des enfants. Friction de l&rsquo;allumette de soi vers l&rsquo;ext\u00e9rieur.<\/p>\n","protected":false},"excerpt":{"rendered":"<p>Id\u00e9al pour allumer vos bougies, m\u00eame les plus profondes gr\u00e2ce \u00e0 leur taille de 10cm de longueur qui vous permettront d&rsquo;aller au fond de votre contenant sans vous bruler.<\/p>\n","protected":false},"featured_media":10465,"template":"","meta":{"_acf_changed":false},"product_brand":[],"product_cat":[27,15],"product_tag":[246],"class_list":{"0":"post-5522","1":"product","2":"type-product","3":"status-publish","4":"has-post-thumbnail","6":"product_cat-accessoires","7":"product_cat-tous-les-produits","8":"product_tag-allumettes","10":"first","11":"instock","12":"taxable","13":"shipping-taxable","14":"purchasable","15":"product-type-simple","16":"wpzoom-wc-spi-has-enabled"},"acf":[],"wcpa_form_fields":null,"_links":{"self":[{"href":"https:\/\/lesbougiesdecarole.com\/fr_fr\/wp-json\/wp\/v2\/product\/5522","targetHints":{"allow":["GET"]}}],"collection":[{"href":"https:\/\/lesbougiesdecarole.com\/fr_fr\/wp-json\/wp\/v2\/product"}],"about":[{"href":"https:\/\/lesbougiesdecarole.com\/fr_fr\/wp-json\/wp\/v2\/types\/product"}],"version-history":[{"count":1,"href":"https:\/\/lesbougiesdecarole.com\/fr_fr\/wp-json\/wp\/v2\/product\/5522\/revisions"}],"predecessor-version":[{"id":13291,"href":"https:\/\/lesbougiesdecarole.com\/fr_fr\/wp-json\/wp\/v2\/product\/5522\/revisions\/13291"}],"wp:featuredmedia":[{"embeddable":true,"href":"https:\/\/lesbougiesdecarole.com\/fr_fr\/wp-json\/wp\/v2\/media\/10465"}],"wp:attachment":[{"href":"https:\/\/lesbougiesdecarole.com\/fr_fr\/wp-json\/wp\/v2\/media?parent=5522"}],"wp:term":[{"taxonomy":"product_brand","embeddable":true,"href":"https:\/\/lesbougiesdecarole.com\/fr_fr\/wp-json\/wp\/v2\/product_brand?post=5522"},{"taxonomy":"product_cat","embeddable":true,"href":"https:\/\/lesbougiesdecarole.com\/fr_fr\/wp-json\/wp\/v2\/product_cat?post=5522"},{"taxonomy":"product_tag","embeddable":true,"href":"https:\/\/lesbougiesdecarole.com\/fr_fr\/wp-json\/wp\/v2\/product_tag?post=5522"}],"curies":[{"name":"wp","href":"https:\/\/api.w.org\/{rel}","templated":true}]}}