{"id":621,"date":"2021-06-28T17:51:30","date_gmt":"2021-06-28T15:51:30","guid":{"rendered":"https:\/\/lesbougiesdecarole.com\/?post_type=product&#038;p=621"},"modified":"2024-07-16T14:45:55","modified_gmt":"2024-07-16T12:45:55","slug":"bougies-liorah-2l-fleur-de-tiare","status":"publish","type":"product","link":"https:\/\/lesbougiesdecarole.com\/fr_fr\/produit\/bougies-liorah-2l-fleur-de-tiare\/","title":{"rendered":"Bougies Liorah 2l Fleur de tiar\u00e9"},"content":{"rendered":"<p><strong>Bougies Liorah 2l Fleur de tiar\u00e9<\/strong><\/p>\n<p><strong>Temps de combustion<\/strong> : environ 280 &#8211; 300 heures<\/p>\n<p><strong>Contenance<\/strong> : 2000ml<\/p>\n<p><strong>M\u00e8che<\/strong> : coton<\/p>\n<p><strong>Couleur<\/strong> : dor\u00e9<\/p>\n<p><strong>Mati\u00e8re <\/strong>:\u00a0m\u00e9tal<\/p>\n<p>\u200b<b>Pour utiliser votre bougie en toute s\u00e9curit\u00e9, merci de bien vouloir lire <\/b><a href=\"https:\/\/lesbougiesdecarole.com\/consignes-securite\/\"><b>nos conseils d\u2019utilisation<\/b><\/a><\/p>\n","protected":false},"excerpt":{"rendered":"<p>Bougies Liorah 2l Fleur de tiar\u00e9 Temps de combustion : environ 280 &#8211; 300 heures Contenance : 2000ml M\u00e8che : coton Couleur : dor\u00e9 Mati\u00e8re :\u00a0m\u00e9tal \u200bPour utiliser votre bougie en toute s\u00e9curit\u00e9, merci de bien vouloir lire nos conseils d\u2019utilisation<\/p>\n","protected":false},"featured_media":10009,"template":"","meta":{"_acf_changed":false},"product_brand":[],"product_cat":[32,52,15],"product_tag":[248],"class_list":{"0":"post-621","1":"product","2":"type-product","3":"status-publish","4":"has-post-thumbnail","6":"product_cat-bougies-modernes","7":"product_cat-les-fleuries","8":"product_cat-tous-les-produits","9":"product_tag-bougies","11":"first","12":"instock","13":"taxable","14":"shipping-taxable","15":"purchasable","16":"product-type-simple"},"acf":[],"wcpa_form_fields":null,"_links":{"self":[{"href":"https:\/\/lesbougiesdecarole.com\/fr_fr\/wp-json\/wp\/v2\/product\/621","targetHints":{"allow":["GET"]}}],"collection":[{"href":"https:\/\/lesbougiesdecarole.com\/fr_fr\/wp-json\/wp\/v2\/product"}],"about":[{"href":"https:\/\/lesbougiesdecarole.com\/fr_fr\/wp-json\/wp\/v2\/types\/product"}],"version-history":[{"count":1,"href":"https:\/\/lesbougiesdecarole.com\/fr_fr\/wp-json\/wp\/v2\/product\/621\/revisions"}],"predecessor-version":[{"id":13084,"href":"https:\/\/lesbougiesdecarole.com\/fr_fr\/wp-json\/wp\/v2\/product\/621\/revisions\/13084"}],"wp:featuredmedia":[{"embeddable":true,"href":"https:\/\/lesbougiesdecarole.com\/fr_fr\/wp-json\/wp\/v2\/media\/10009"}],"wp:attachment":[{"href":"https:\/\/lesbougiesdecarole.com\/fr_fr\/wp-json\/wp\/v2\/media?parent=621"}],"wp:term":[{"taxonomy":"product_brand","embeddable":true,"href":"https:\/\/lesbougiesdecarole.com\/fr_fr\/wp-json\/wp\/v2\/product_brand?post=621"},{"taxonomy":"product_cat","embeddable":true,"href":"https:\/\/lesbougiesdecarole.com\/fr_fr\/wp-json\/wp\/v2\/product_cat?post=621"},{"taxonomy":"product_tag","embeddable":true,"href":"https:\/\/lesbougiesdecarole.com\/fr_fr\/wp-json\/wp\/v2\/product_tag?post=621"}],"curies":[{"name":"wp","href":"https:\/\/api.w.org\/{rel}","templated":true}]}}