{"id":631,"date":"2021-06-29T10:57:47","date_gmt":"2021-06-29T08:57:47","guid":{"rendered":"https:\/\/lesbougiesdecarole.com\/?post_type=product&#038;p=631"},"modified":"2025-12-08T11:13:15","modified_gmt":"2025-12-08T10:13:15","slug":"bougie-orion-bijou","status":"publish","type":"product","link":"https:\/\/lesbougiesdecarole.com\/fr_fr\/produit\/bougie-orion-bijou\/","title":{"rendered":"Bougie Orion bijou"},"content":{"rendered":"<p style=\"text-align: center;\"><strong>Bougie Bijou<\/strong><\/p>\n<p><strong>Temps de combustion<\/strong> : environ 50 &#8211; 55 heures<\/p>\n<p><strong>Contenance<\/strong> : 190ml<\/p>\n<p><strong>M\u00e8che<\/strong> : coton<\/p>\n<p><strong>Couleur<\/strong> : noir ou blanc<\/p>\n<p><strong>Mati\u00e8re<\/strong> : verre<\/p>\n<p style=\"text-align: center;\"><strong>Bijou\u00a0<\/strong><\/p>\n<p style=\"text-align: center;\">Bracelet chaine avec une entretoise en forme de coeur<\/p>\n<p><strong>Longueur<\/strong> : <em>17cm\u00a0<\/em><\/p>\n<p><strong>Rallonge<\/strong> : <em>3cm sans nikel<\/em><\/p>\n<p><strong>Couleur<\/strong> : <em>or ou argent<\/em><\/p>\n<ul>\n<li><strong>Option or<\/strong> : <em>plaquage or 925 milli\u00e8me<\/em><\/li>\n<li><strong>Option argent<\/strong> : <em>plaquage argent 925gr milli\u00e8me<\/em><\/li>\n<\/ul>\n<p>Le bracelet est prot\u00e9g\u00e9 dans un sachet herm\u00e9tique, entour\u00e9 de plusieurs couches d&rsquo;aluminium pour la chaleur de la cire.<\/p>\n<p style=\"text-align: center;\"><strong>Pochon<\/strong><\/p>\n<p><strong>Fabrication<\/strong> : <em>fait main<\/em><\/p>\n<p><strong>Mati\u00e8re<\/strong> : <em>100% coton<\/em><\/p>\n<p><strong>Couleur<\/strong> : <em>taupe ou noir ou rouge<\/em><\/p>\n<p>\u200b<b>Pour utiliser votre bougie en toute s\u00e9curit\u00e9, merci de bien vouloir lire <\/b><a href=\"https:\/\/lesbougiesdecarole.com\/consignes-securite\/\"><b>nos conseils d\u2019utilisation<\/b><\/a><\/p>\n","protected":false},"excerpt":{"rendered":"<div class=\"term-description\">\n<p>Allumez la magie avec nos fragrances enchanteresses, et d\u00e9couvrez l\u2019\u00e9l\u00e9gance d\u2019un bijou surprise \u00e0 chaque bougie. Offrez un cadeau unique et parfum\u00e9 pour \u00e9clairer vos moments sp\u00e9ciaux.<\/p>\n<\/div>\n<div class=\"woocommerce-notices-wrapper\"><\/div>\n","protected":false},"featured_media":14314,"template":"","meta":{"_acf_changed":false},"product_brand":[],"product_cat":[43,32,45,52,53,15],"product_tag":[248],"class_list":{"0":"post-631","1":"product","2":"type-product","3":"status-publish","4":"has-post-thumbnail","6":"product_cat-bougies-bijoux","7":"product_cat-bougies-modernes","8":"product_cat-les-boisees","9":"product_cat-les-fleuries","10":"product_cat-les-gourmandes","11":"product_cat-tous-les-produits","12":"product_tag-bougies","14":"first","15":"instock","16":"taxable","17":"shipping-taxable","18":"purchasable","19":"product-type-variable","20":"wpzoom-wc-spi-has-enabled"},"acf":[],"wcpa_form_fields":null,"_links":{"self":[{"href":"https:\/\/lesbougiesdecarole.com\/fr_fr\/wp-json\/wp\/v2\/product\/631","targetHints":{"allow":["GET"]}}],"collection":[{"href":"https:\/\/lesbougiesdecarole.com\/fr_fr\/wp-json\/wp\/v2\/product"}],"about":[{"href":"https:\/\/lesbougiesdecarole.com\/fr_fr\/wp-json\/wp\/v2\/types\/product"}],"version-history":[{"count":4,"href":"https:\/\/lesbougiesdecarole.com\/fr_fr\/wp-json\/wp\/v2\/product\/631\/revisions"}],"predecessor-version":[{"id":14311,"href":"https:\/\/lesbougiesdecarole.com\/fr_fr\/wp-json\/wp\/v2\/product\/631\/revisions\/14311"}],"wp:featuredmedia":[{"embeddable":true,"href":"https:\/\/lesbougiesdecarole.com\/fr_fr\/wp-json\/wp\/v2\/media\/14314"}],"wp:attachment":[{"href":"https:\/\/lesbougiesdecarole.com\/fr_fr\/wp-json\/wp\/v2\/media?parent=631"}],"wp:term":[{"taxonomy":"product_brand","embeddable":true,"href":"https:\/\/lesbougiesdecarole.com\/fr_fr\/wp-json\/wp\/v2\/product_brand?post=631"},{"taxonomy":"product_cat","embeddable":true,"href":"https:\/\/lesbougiesdecarole.com\/fr_fr\/wp-json\/wp\/v2\/product_cat?post=631"},{"taxonomy":"product_tag","embeddable":true,"href":"https:\/\/lesbougiesdecarole.com\/fr_fr\/wp-json\/wp\/v2\/product_tag?post=631"}],"curies":[{"name":"wp","href":"https:\/\/api.w.org\/{rel}","templated":true}]}}