{"id":862,"date":"2021-07-19T14:28:59","date_gmt":"2021-07-19T12:28:59","guid":{"rendered":"https:\/\/lesbougiesdecarole.com\/?post_type=product&#038;p=862"},"modified":"2024-07-16T14:45:52","modified_gmt":"2024-07-16T12:45:52","slug":"bougie-calice-bois-de-oud","status":"publish","type":"product","link":"https:\/\/lesbougiesdecarole.com\/fr_fr\/produit\/bougie-calice-bois-de-oud\/","title":{"rendered":"Bougie calice Bois de oud"},"content":{"rendered":"<p><strong>Bougie calice Bois de oud<\/strong><\/p>\n<p><strong>Temps de combustion<\/strong> : environ 25 &#8211; 30 heures<\/p>\n<p><strong>Contenance<\/strong>\u00a0:\u00a0120 ml<\/p>\n<p><strong>M\u00e8che<\/strong> : coton<\/p>\n<p><strong>Couleur<\/strong> :\u00a0gris<\/p>\n<p><strong>Mati\u00e8re<\/strong> :\u00a0m\u00e9tal<\/p>\n<p><b>Pour utiliser votre bougie en toute s\u00e9curit\u00e9, merci de bien vouloir lire <\/b><a href=\"https:\/\/lesbougiesdecarole.com\/securite\/\"><b>nos conseils d\u2019utilisation<\/b><\/a><\/p>\n","protected":false},"excerpt":{"rendered":"<p>Bougie calice Bois de oud Temps de combustion : environ 25 &#8211; 30 heures Contenance\u00a0:\u00a0120 ml M\u00e8che : coton Couleur :\u00a0gris Mati\u00e8re :\u00a0m\u00e9tal Pour utiliser votre bougie en toute s\u00e9curit\u00e9, merci de bien vouloir lire nos conseils d\u2019utilisation<\/p>\n","protected":false},"featured_media":9859,"template":"","meta":{"_acf_changed":false},"product_brand":[],"product_cat":[41,45,15],"product_tag":[248],"class_list":{"0":"post-862","1":"product","2":"type-product","3":"status-publish","4":"has-post-thumbnail","6":"product_cat-bougies-vintages","7":"product_cat-les-boisees","8":"product_cat-tous-les-produits","9":"product_tag-bougies","11":"first","12":"outofstock","13":"taxable","14":"shipping-taxable","15":"purchasable","16":"product-type-simple"},"acf":[],"wcpa_form_fields":null,"_links":{"self":[{"href":"https:\/\/lesbougiesdecarole.com\/fr_fr\/wp-json\/wp\/v2\/product\/862","targetHints":{"allow":["GET"]}}],"collection":[{"href":"https:\/\/lesbougiesdecarole.com\/fr_fr\/wp-json\/wp\/v2\/product"}],"about":[{"href":"https:\/\/lesbougiesdecarole.com\/fr_fr\/wp-json\/wp\/v2\/types\/product"}],"version-history":[{"count":1,"href":"https:\/\/lesbougiesdecarole.com\/fr_fr\/wp-json\/wp\/v2\/product\/862\/revisions"}],"predecessor-version":[{"id":13061,"href":"https:\/\/lesbougiesdecarole.com\/fr_fr\/wp-json\/wp\/v2\/product\/862\/revisions\/13061"}],"wp:featuredmedia":[{"embeddable":true,"href":"https:\/\/lesbougiesdecarole.com\/fr_fr\/wp-json\/wp\/v2\/media\/9859"}],"wp:attachment":[{"href":"https:\/\/lesbougiesdecarole.com\/fr_fr\/wp-json\/wp\/v2\/media?parent=862"}],"wp:term":[{"taxonomy":"product_brand","embeddable":true,"href":"https:\/\/lesbougiesdecarole.com\/fr_fr\/wp-json\/wp\/v2\/product_brand?post=862"},{"taxonomy":"product_cat","embeddable":true,"href":"https:\/\/lesbougiesdecarole.com\/fr_fr\/wp-json\/wp\/v2\/product_cat?post=862"},{"taxonomy":"product_tag","embeddable":true,"href":"https:\/\/lesbougiesdecarole.com\/fr_fr\/wp-json\/wp\/v2\/product_tag?post=862"}],"curies":[{"name":"wp","href":"https:\/\/api.w.org\/{rel}","templated":true}]}}