{"id":9282,"date":"2021-07-26T16:00:16","date_gmt":"2021-07-26T14:00:16","guid":{"rendered":"https:\/\/lesbougiesdecarole.com\/?post_type=product&#038;p=1280"},"modified":"2024-10-04T04:13:13","modified_gmt":"2024-10-04T02:13:13","slug":"bougie-coupelle-menthe-basilic","status":"publish","type":"product","link":"https:\/\/lesbougiesdecarole.com\/fr_fr\/produit\/bougie-coupelle-menthe-basilic\/","title":{"rendered":"Bougie coupelle Menthe Basilic"},"content":{"rendered":"<p><strong>Bougie coupelle Menthe Basilic<\/strong><\/p>\n<p><strong>Temps de combustion<\/strong> : environ 50 &#8211; 55 heures<\/p>\n<p><strong>Contenance<\/strong>\u00a0:\u00a0220 ml<\/p>\n<p><strong>M\u00e8che<\/strong> : coton<\/p>\n<p><strong>Couleur<\/strong> : blanc<\/p>\n<p><strong>Mati\u00e8re<\/strong> : \u00e9tain 92%<\/p>\n<p>\u200b<b>Pour utiliser votre bougie en toute s\u00e9curit\u00e9, merci de bien vouloir lire <\/b><a href=\"https:\/\/lesbougiesdecarole.com\/consignes-securite\/\"><b>nos conseils d\u2019utilisation<\/b><\/a><\/p>\n","protected":false},"excerpt":{"rendered":"<p>Bougie coupelle Menthe Basilic Temps de combustion : environ 50 &#8211; 55 heures Contenance\u00a0:\u00a0220 ml M\u00e8che : coton Couleur : blanc Mati\u00e8re : \u00e9tain 92% \u200bPour utiliser votre bougie en toute s\u00e9curit\u00e9, merci de bien vouloir lire nos conseils d\u2019utilisation<\/p>\n","protected":false},"featured_media":9845,"template":"","meta":{"_acf_changed":false},"product_brand":[],"product_cat":[41,71,15],"product_tag":[248],"class_list":{"0":"post-9282","1":"product","2":"type-product","3":"status-publish","4":"has-post-thumbnail","6":"product_cat-bougies-vintages","7":"product_cat-les-natures","8":"product_cat-tous-les-produits","9":"product_tag-bougies","11":"first","12":"outofstock","13":"taxable","14":"shipping-taxable","15":"purchasable","16":"product-type-simple"},"acf":[],"wcpa_form_fields":null,"_links":{"self":[{"href":"https:\/\/lesbougiesdecarole.com\/fr_fr\/wp-json\/wp\/v2\/product\/9282","targetHints":{"allow":["GET"]}}],"collection":[{"href":"https:\/\/lesbougiesdecarole.com\/fr_fr\/wp-json\/wp\/v2\/product"}],"about":[{"href":"https:\/\/lesbougiesdecarole.com\/fr_fr\/wp-json\/wp\/v2\/types\/product"}],"version-history":[{"count":2,"href":"https:\/\/lesbougiesdecarole.com\/fr_fr\/wp-json\/wp\/v2\/product\/9282\/revisions"}],"predecessor-version":[{"id":13036,"href":"https:\/\/lesbougiesdecarole.com\/fr_fr\/wp-json\/wp\/v2\/product\/9282\/revisions\/13036"}],"wp:featuredmedia":[{"embeddable":true,"href":"https:\/\/lesbougiesdecarole.com\/fr_fr\/wp-json\/wp\/v2\/media\/9845"}],"wp:attachment":[{"href":"https:\/\/lesbougiesdecarole.com\/fr_fr\/wp-json\/wp\/v2\/media?parent=9282"}],"wp:term":[{"taxonomy":"product_brand","embeddable":true,"href":"https:\/\/lesbougiesdecarole.com\/fr_fr\/wp-json\/wp\/v2\/product_brand?post=9282"},{"taxonomy":"product_cat","embeddable":true,"href":"https:\/\/lesbougiesdecarole.com\/fr_fr\/wp-json\/wp\/v2\/product_cat?post=9282"},{"taxonomy":"product_tag","embeddable":true,"href":"https:\/\/lesbougiesdecarole.com\/fr_fr\/wp-json\/wp\/v2\/product_tag?post=9282"}],"curies":[{"name":"wp","href":"https:\/\/api.w.org\/{rel}","templated":true}]}}