{"id":943,"date":"2021-07-19T17:39:29","date_gmt":"2021-07-19T15:39:29","guid":{"rendered":"https:\/\/lesbougiesdecarole.com\/?post_type=product&#038;p=943"},"modified":"2024-10-04T04:15:21","modified_gmt":"2024-10-04T02:15:21","slug":"bougies-2000ml-rose-et-fleur-de-pommier","status":"publish","type":"product","link":"https:\/\/lesbougiesdecarole.com\/fr_fr\/produit\/bougies-2000ml-rose-et-fleur-de-pommier\/","title":{"rendered":"Bougies 2l Rose et fleur de pommier"},"content":{"rendered":"<p><strong>Bougies 2l Rose et fleur de pommier<\/strong><\/p>\n<p><strong>Temps de combustion<\/strong> : environ 280 &#8211; 300 heures<\/p>\n<p><strong>Contenance<\/strong> : 2000ml<\/p>\n<p><strong>M\u00e8che<\/strong> : coton<\/p>\n<p><strong>Couleur<\/strong> : mosa\u00efque bordeaux et dor\u00e9e<\/p>\n<p><strong>Mati\u00e8re<\/strong> : verre\u200b<\/p>\n<p><b>Pour utiliser votre bougie en toute s\u00e9curit\u00e9, merci de bien vouloir lire <\/b><a href=\"https:\/\/lesbougiesdecarole.com\/consignes-securite\/\"><b>nos conseils d\u2019utilisation<\/b><\/a><b><\/b><\/p>\n","protected":false},"excerpt":{"rendered":"<p>Bougies 2l Rose et fleur de pommier Temps de combustion : environ 280 &#8211; 300 heures Contenance : 2000ml M\u00e8che : coton Couleur : mosa\u00efque bordeaux et dor\u00e9e Mati\u00e8re : verre\u200b Pour utiliser votre bougie en toute s\u00e9curit\u00e9, merci de bien vouloir lire nos conseils d\u2019utilisation<\/p>\n","protected":false},"featured_media":9983,"template":"","meta":{"_acf_changed":false},"product_brand":[],"product_cat":[32,52,15],"product_tag":[248],"class_list":{"0":"post-943","1":"product","2":"type-product","3":"status-publish","4":"has-post-thumbnail","6":"product_cat-bougies-modernes","7":"product_cat-les-fleuries","8":"product_cat-tous-les-produits","9":"product_tag-bougies","11":"first","12":"instock","13":"taxable","14":"shipping-taxable","15":"purchasable","16":"product-type-simple"},"acf":[],"wcpa_form_fields":null,"_links":{"self":[{"href":"https:\/\/lesbougiesdecarole.com\/fr_fr\/wp-json\/wp\/v2\/product\/943","targetHints":{"allow":["GET"]}}],"collection":[{"href":"https:\/\/lesbougiesdecarole.com\/fr_fr\/wp-json\/wp\/v2\/product"}],"about":[{"href":"https:\/\/lesbougiesdecarole.com\/fr_fr\/wp-json\/wp\/v2\/types\/product"}],"version-history":[{"count":1,"href":"https:\/\/lesbougiesdecarole.com\/fr_fr\/wp-json\/wp\/v2\/product\/943\/revisions"}],"predecessor-version":[{"id":13082,"href":"https:\/\/lesbougiesdecarole.com\/fr_fr\/wp-json\/wp\/v2\/product\/943\/revisions\/13082"}],"wp:featuredmedia":[{"embeddable":true,"href":"https:\/\/lesbougiesdecarole.com\/fr_fr\/wp-json\/wp\/v2\/media\/9983"}],"wp:attachment":[{"href":"https:\/\/lesbougiesdecarole.com\/fr_fr\/wp-json\/wp\/v2\/media?parent=943"}],"wp:term":[{"taxonomy":"product_brand","embeddable":true,"href":"https:\/\/lesbougiesdecarole.com\/fr_fr\/wp-json\/wp\/v2\/product_brand?post=943"},{"taxonomy":"product_cat","embeddable":true,"href":"https:\/\/lesbougiesdecarole.com\/fr_fr\/wp-json\/wp\/v2\/product_cat?post=943"},{"taxonomy":"product_tag","embeddable":true,"href":"https:\/\/lesbougiesdecarole.com\/fr_fr\/wp-json\/wp\/v2\/product_tag?post=943"}],"curies":[{"name":"wp","href":"https:\/\/api.w.org\/{rel}","templated":true}]}}